{"id":1287,"date":"2023-10-10T06:36:02","date_gmt":"2023-10-10T06:36:02","guid":{"rendered":"https:\/\/groenbechshotel.dk\/?page_id=1287"},"modified":"2023-10-10T06:41:08","modified_gmt":"2023-10-10T06:41:08","slug":"opredning","status":"publish","type":"page","link":"https:\/\/groenbechshotel.dk\/en\/opredning\/","title":{"rendered":"Ekstra opredning"},"content":{"rendered":"<div data-elementor-type=\"wp-page\" data-elementor-id=\"1287\" class=\"elementor elementor-1287\" data-elementor-post-type=\"page\">\n\t\t\t\t<div class=\"elementor-element elementor-element-d56c20b e-con-full e-flex e-con e-parent\" data-id=\"d56c20b\" data-element_type=\"container\" data-e-type=\"container\">\n\t\t<div class=\"elementor-element elementor-element-26aa0c6 e-con-full e-flex e-con e-parent\" data-id=\"26aa0c6\" data-element_type=\"container\" data-e-type=\"container\" data-settings=\"{&quot;background_background&quot;:&quot;classic&quot;}\">\n\t\t<div class=\"elementor-element elementor-element-8ac9b6f e-flex e-con-boxed e-con e-parent\" data-id=\"8ac9b6f\" data-element_type=\"container\" data-e-type=\"container\">\n\t\t\t\t\t<div class=\"e-con-inner\">\n\t\t<div class=\"elementor-element elementor-element-e291ec9 e-flex e-con-boxed e-con e-parent\" data-id=\"e291ec9\" data-element_type=\"container\" data-e-type=\"container\">\n\t\t\t\t\t<div class=\"e-con-inner\">\n\t\t\t\t<div class=\"elementor-element elementor-element-195a2ee elementor-widget elementor-widget-heading\" data-id=\"195a2ee\" data-element_type=\"widget\" data-e-type=\"widget\" data-widget_type=\"heading.default\">\n\t\t\t\t<div class=\"elementor-widget-container\">\n\t\t\t\t\t<h2 class=\"elementor-heading-title elementor-size-default\">EKSTRA OPREDNING<\/h2>\t\t\t\t<\/div>\n\t\t\t\t<\/div>\n\t\t\t\t<div class=\"elementor-element elementor-element-15a19dd elementor-widget elementor-widget-text-editor\" data-id=\"15a19dd\" data-element_type=\"widget\" data-e-type=\"widget\" data-widget_type=\"text-editor.default\">\n\t\t\t\t<div class=\"elementor-widget-container\">\n\t\t\t\t\t\t\t\t\t<div class=\"module text\"><p>P\u00e5 Gr\u00f8nbechs Hotel er alle v\u00e6relser unikke, derfor har vi udvalgt visse v\u00e6relser, indenfor forskellige v\u00e6relsestyper, hvor der er mulighed for ekstra opredning til en ekstra person. Ligeledes har vi v\u00e6relser, hvor vi ogs\u00e5 kan ops\u00e6tte en babyseng, hvis du kommer med et mindre barn.<\/p><p>Prisen for ekstra opredning er 300 kr. inklusiv morgenmad.<br \/>Prisen for ops\u00e6tning af babyseng er 100 kr. inklusiv morgenmad.<\/p><\/div>\t\t\t\t\t\t\t\t<\/div>\n\t\t\t\t<\/div>\n\t\t\t\t\t<\/div>\n\t\t\t\t<\/div>\n\t\t\t\t\t<\/div>\n\t\t\t\t<\/div>\n\t\t\t\t<\/div>\n\t\t<div class=\"elementor-element elementor-element-5e4abb3 e-con-full e-flex e-con e-parent\" data-id=\"5e4abb3\" data-element_type=\"container\" data-e-type=\"container\" data-settings=\"{&quot;background_background&quot;:&quot;classic&quot;}\">\n\t\t\t\t<div class=\"elementor-element elementor-element-2d79d54 elementor--h-position-center elementor--v-position-middle elementor-arrows-position-inside elementor-pagination-position-inside elementor-widget elementor-widget-slides\" data-id=\"2d79d54\" data-element_type=\"widget\" data-e-type=\"widget\" data-settings=\"{&quot;navigation&quot;:&quot;both&quot;,&quot;autoplay&quot;:&quot;yes&quot;,&quot;pause_on_hover&quot;:&quot;yes&quot;,&quot;pause_on_interaction&quot;:&quot;yes&quot;,&quot;autoplay_speed&quot;:5000,&quot;infinite&quot;:&quot;yes&quot;,&quot;transition&quot;:&quot;slide&quot;,&quot;transition_speed&quot;:500}\" data-widget_type=\"slides.default\">\n\t\t\t\t<div class=\"elementor-widget-container\">\n\t\t\t\t\t\t\t\t\t<div class=\"elementor-swiper\">\n\t\t\t\t\t<div class=\"elementor-slides-wrapper elementor-main-swiper swiper\" role=\"region\" aria-roledescription=\"carousel\" aria-label=\"Slides\" dir=\"ltr\" data-animation=\"fadeInUp\">\n\t\t\t\t<div class=\"swiper-wrapper elementor-slides\">\n\t\t\t\t\t\t\t\t\t\t<div class=\"elementor-repeater-item-116b367 swiper-slide\" role=\"group\" aria-roledescription=\"slide\"><div class=\"swiper-slide-bg\" role=\"img\" aria-label=\"Gr\u251c\u00a9nbechsHotel6490\"><\/div><div class=\"swiper-slide-inner\" ><div class=\"swiper-slide-contents\"><\/div><\/div><\/div>\t\t\t\t<\/div>\n\t\t\t\t\t\t\t<\/div>\n\t\t\t\t<\/div>\n\t\t\t\t\t\t\t\t<\/div>\n\t\t\t\t<\/div>\n\t\t\t\t<\/div>\n\t\t\t\t<\/div>\n\t\t\t\t<\/div>","protected":false},"excerpt":{"rendered":"<p>EKSTRA OPREDNING P\u00e5 Gr\u00f8nbechs Hotel er alle v\u00e6relser unikke, derfor har vi udvalgt visse v\u00e6relser, indenfor forskellige v\u00e6relsestyper, hvor der er mulighed for ekstra opredning til en ekstra person. Ligeledes har vi v\u00e6relser, hvor vi ogs\u00e5 kan ops\u00e6tte en babyseng, hvis du kommer med et mindre barn. Prisen for ekstra opredning er 300 kr. inklusiv [&hellip;]<\/p>\n","protected":false},"author":1,"featured_media":0,"parent":0,"menu_order":0,"comment_status":"closed","ping_status":"closed","template":"","meta":{"_acf_changed":false,"footnotes":""},"class_list":["post-1287","page","type-page","status-publish","hentry"],"acf":[],"_links":{"self":[{"href":"https:\/\/groenbechshotel.dk\/en\/wp-json\/wp\/v2\/pages\/1287","targetHints":{"allow":["GET"]}}],"collection":[{"href":"https:\/\/groenbechshotel.dk\/en\/wp-json\/wp\/v2\/pages"}],"about":[{"href":"https:\/\/groenbechshotel.dk\/en\/wp-json\/wp\/v2\/types\/page"}],"author":[{"embeddable":true,"href":"https:\/\/groenbechshotel.dk\/en\/wp-json\/wp\/v2\/users\/1"}],"replies":[{"embeddable":true,"href":"https:\/\/groenbechshotel.dk\/en\/wp-json\/wp\/v2\/comments?post=1287"}],"version-history":[{"count":17,"href":"https:\/\/groenbechshotel.dk\/en\/wp-json\/wp\/v2\/pages\/1287\/revisions"}],"predecessor-version":[{"id":1304,"href":"https:\/\/groenbechshotel.dk\/en\/wp-json\/wp\/v2\/pages\/1287\/revisions\/1304"}],"wp:attachment":[{"href":"https:\/\/groenbechshotel.dk\/en\/wp-json\/wp\/v2\/media?parent=1287"}],"curies":[{"name":"wp","href":"https:\/\/api.w.org\/{rel}","templated":true}]}}