{"id":1309,"date":"2023-10-10T06:45:31","date_gmt":"2023-10-10T06:45:31","guid":{"rendered":"https:\/\/groenbechshotel.dk\/?page_id=1309"},"modified":"2023-10-10T06:54:09","modified_gmt":"2023-10-10T06:54:09","slug":"cykling","status":"publish","type":"page","link":"https:\/\/groenbechshotel.dk\/en\/cykling\/","title":{"rendered":"Cykling"},"content":{"rendered":"<div data-elementor-type=\"wp-page\" data-elementor-id=\"1309\" class=\"elementor elementor-1309\" data-elementor-post-type=\"page\">\n\t\t\t\t<div class=\"elementor-element elementor-element-13b6ad3 e-con-full e-flex e-con e-parent\" data-id=\"13b6ad3\" data-element_type=\"container\" data-e-type=\"container\">\n\t\t<div class=\"elementor-element elementor-element-a133f24 e-con-full e-flex e-con e-parent\" data-id=\"a133f24\" data-element_type=\"container\" data-e-type=\"container\" data-settings=\"{&quot;background_background&quot;:&quot;classic&quot;}\">\n\t\t\t\t<div class=\"elementor-element elementor-element-2bd2f53 elementor-widget elementor-widget-image\" data-id=\"2bd2f53\" data-element_type=\"widget\" data-e-type=\"widget\" data-widget_type=\"image.default\">\n\t\t\t\t<div class=\"elementor-widget-container\">\n\t\t\t\t\t\t\t\t\t\t\t\t\t\t\t<img decoding=\"async\" src=\"https:\/\/groenbechshotel.dk\/wp-content\/uploads\/2023\/08\/Cykling-1.png\" title=\"Cykling\" alt=\"Cykling\" loading=\"lazy\" \/>\t\t\t\t\t\t\t\t\t\t\t\t\t\t\t<\/div>\n\t\t\t\t<\/div>\n\t\t\t\t<\/div>\n\t\t<div class=\"elementor-element elementor-element-5177b1b e-con-full e-flex e-con e-parent\" data-id=\"5177b1b\" data-element_type=\"container\" data-e-type=\"container\" data-settings=\"{&quot;background_background&quot;:&quot;classic&quot;}\">\n\t\t<div class=\"elementor-element elementor-element-a2517fb e-flex e-con-boxed e-con e-parent\" data-id=\"a2517fb\" data-element_type=\"container\" data-e-type=\"container\">\n\t\t\t\t\t<div class=\"e-con-inner\">\n\t\t\t\t<div class=\"elementor-element elementor-element-953582c elementor-widget elementor-widget-heading\" data-id=\"953582c\" data-element_type=\"widget\" data-e-type=\"widget\" data-widget_type=\"heading.default\">\n\t\t\t\t<div class=\"elementor-widget-container\">\n\t\t\t\t\t<h2 class=\"elementor-heading-title elementor-size-default\">Cykling &amp; Tr\u00e6ningsophold<\/h2>\t\t\t\t<\/div>\n\t\t\t\t<\/div>\n\t\t\t\t<div class=\"elementor-element elementor-element-b1035f0 elementor-widget elementor-widget-text-editor\" data-id=\"b1035f0\" data-element_type=\"widget\" data-e-type=\"widget\" data-widget_type=\"text-editor.default\">\n\t\t\t\t<div class=\"elementor-widget-container\">\n\t\t\t\t\t\t\t\t\t<p>Gr\u00f8nbechs hotel skal v\u00e6re Bornholms og \u00d8stdanmarks mest cykelvenlige hotel. Der er indrettet et stort, nyt og flot rum til sikker og afl\u00e5st opbevaring af cyklerne, der er faciliteter til cykelvask, der er opsat arbejdsstand, og der er et godt udvalg af det mest almindelige v\u00e6rkt\u00f8j\u00a0til fri r\u00e5dighed. Desuden kan man f\u00e5 udleveret ruteforslag til cykelcomputerne\u00a0og f\u00e5 energidrik til dunkene. Endelig er der et lille udvalg af det mest\u00a0n\u00f8dvendige til salg (slanger, d\u00e6k, k\u00e6der, energi mv.).<\/p><p>Ved st\u00f8rre grupper kan hotellet\u00a0desuden arrangere mekaniker p\u00e5 udvalgte tidspunkter af d\u00f8gnet, lokale\u00a0turguider, mass\u00f8r mv.<\/p><p>Der er fra hotellet direkte\u00a0adgang til perfekte, meget kuperede landeveje med s\u00e6rdeles begr\u00e6nset trafik, og\u00a0der er noget af Danmarks bedste og mest varierede gravel i omr\u00e5det.\u00a0<\/p><p>Hotellet\u00a0danner et perfekt (og b\u00e6redygtigt) alternativ til tr\u00e6ningsture til Mallorca<br \/>eller Sydfrankrig. Bornholm er Danmark og dansk natur \u2013 men det er ogs\u00e5 noget<br \/>andet og anderledes, og det nyder man godt af som cykelturist p\u00e5 \u00f8en.<\/p>\t\t\t\t\t\t\t\t<\/div>\n\t\t\t\t<\/div>\n\t\t\t\t<div class=\"elementor-element elementor-element-9d52157 elementor-align-center elementor-widget elementor-widget-button\" data-id=\"9d52157\" data-element_type=\"widget\" data-e-type=\"widget\" data-widget_type=\"button.default\">\n\t\t\t\t<div class=\"elementor-widget-container\">\n\t\t\t\t\t\t\t\t\t<div class=\"elementor-button-wrapper\">\n\t\t\t\t\t<a class=\"elementor-button elementor-button-link elementor-size-md\" href=\"https:\/\/booking.octopuspms.com\/RoomBook?Code=5ecc19ca-8d2c-4d99-b97e-577092f966c5\">\n\t\t\t\t\t\t<span class=\"elementor-button-content-wrapper\">\n\t\t\t\t\t\t\t\t\t<span class=\"elementor-button-text\">BOOK YOUR STAY<\/span>\n\t\t\t\t\t<\/span>\n\t\t\t\t\t<\/a>\n\t\t\t\t<\/div>\n\t\t\t\t\t\t\t\t<\/div>\n\t\t\t\t<\/div>\n\t\t\t\t\t<\/div>\n\t\t\t\t<\/div>\n\t\t\t\t<\/div>\n\t\t\t\t<\/div>\n\t\t\t\t<\/div>","protected":false},"excerpt":{"rendered":"<p>Cykling &amp; Tr\u00e6ningsophold Gr\u00f8nbechs hotel skal v\u00e6re Bornholms og \u00d8stdanmarks mest cykelvenlige hotel. Der er indrettet et stort, nyt og flot rum til sikker og afl\u00e5st opbevaring af cyklerne, der er faciliteter til cykelvask, der er opsat arbejdsstand, og der er et godt udvalg af det mest almindelige v\u00e6rkt\u00f8j\u00a0til fri r\u00e5dighed. Desuden kan man f\u00e5 [&hellip;]<\/p>\n","protected":false},"author":1,"featured_media":0,"parent":0,"menu_order":0,"comment_status":"closed","ping_status":"closed","template":"","meta":{"_acf_changed":false,"footnotes":""},"class_list":["post-1309","page","type-page","status-publish","hentry"],"acf":[],"_links":{"self":[{"href":"https:\/\/groenbechshotel.dk\/en\/wp-json\/wp\/v2\/pages\/1309","targetHints":{"allow":["GET"]}}],"collection":[{"href":"https:\/\/groenbechshotel.dk\/en\/wp-json\/wp\/v2\/pages"}],"about":[{"href":"https:\/\/groenbechshotel.dk\/en\/wp-json\/wp\/v2\/types\/page"}],"author":[{"embeddable":true,"href":"https:\/\/groenbechshotel.dk\/en\/wp-json\/wp\/v2\/users\/1"}],"replies":[{"embeddable":true,"href":"https:\/\/groenbechshotel.dk\/en\/wp-json\/wp\/v2\/comments?post=1309"}],"version-history":[{"count":16,"href":"https:\/\/groenbechshotel.dk\/en\/wp-json\/wp\/v2\/pages\/1309\/revisions"}],"predecessor-version":[{"id":1331,"href":"https:\/\/groenbechshotel.dk\/en\/wp-json\/wp\/v2\/pages\/1309\/revisions\/1331"}],"wp:attachment":[{"href":"https:\/\/groenbechshotel.dk\/en\/wp-json\/wp\/v2\/media?parent=1309"}],"curies":[{"name":"wp","href":"https:\/\/api.w.org\/{rel}","templated":true}]}}