{"id":1542,"date":"2024-07-01T12:33:26","date_gmt":"2024-07-01T12:33:26","guid":{"rendered":"https:\/\/groenbechshotel.dk\/?page_id=1542"},"modified":"2026-03-04T08:36:29","modified_gmt":"2026-03-04T08:36:29","slug":"events","status":"publish","type":"page","link":"https:\/\/groenbechshotel.dk\/en\/events\/","title":{"rendered":"Events"},"content":{"rendered":"<div data-elementor-type=\"wp-page\" data-elementor-id=\"1542\" class=\"elementor elementor-1542\" data-elementor-post-type=\"page\">\n\t\t\t\t<div class=\"elementor-element elementor-element-38b8716 e-con-full e-flex e-con e-parent\" data-id=\"38b8716\" data-element_type=\"container\" data-e-type=\"container\" data-settings=\"{&quot;background_background&quot;:&quot;classic&quot;}\">\n\t\t\t\t<div class=\"elementor-element elementor-element-7ae1ffa elementor-invisible elementor-widget elementor-widget-heading\" data-id=\"7ae1ffa\" data-element_type=\"widget\" data-e-type=\"widget\" data-settings=\"{&quot;_animation&quot;:&quot;fadeIn&quot;}\" data-widget_type=\"heading.default\">\n\t\t\t\t<div class=\"elementor-widget-container\">\n\t\t\t\t\t<h1 class=\"elementor-heading-title elementor-size-default\">Events p\u00e5 Gr\u00f8nbechs Hotel<\/h1>\t\t\t\t<\/div>\n\t\t\t\t<\/div>\n\t\t\t\t<\/div>\n\t\t<div class=\"elementor-element elementor-element-115073e e-flex e-con-boxed e-con e-parent\" data-id=\"115073e\" data-element_type=\"container\" data-e-type=\"container\">\n\t\t\t\t\t<div class=\"e-con-inner\">\n\t\t<div class=\"elementor-element elementor-element-5a3bb6b e-con-full e-flex e-con e-child\" data-id=\"5a3bb6b\" data-element_type=\"container\" data-e-type=\"container\">\n\t\t\t\t<div class=\"elementor-element elementor-element-af6f5aa elementor-cta--skin-cover elementor-animated-content elementor-bg-transform elementor-bg-transform-zoom-in elementor-widget elementor-widget-call-to-action\" data-id=\"af6f5aa\" data-element_type=\"widget\" data-e-type=\"widget\" data-widget_type=\"call-to-action.default\">\n\t\t\t\t<div class=\"elementor-widget-container\">\n\t\t\t\t\t\t\t<div class=\"elementor-cta\">\n\t\t\t\t\t<div class=\"elementor-cta__bg-wrapper\">\n\t\t\t\t<div class=\"elementor-cta__bg elementor-bg\" style=\"background-image: url(https:\/\/groenbechshotel.dk\/wp-content\/uploads\/2023\/09\/ED66-copy-683x1024.jpg);\" role=\"img\" aria-label=\"ED66 copy\"><\/div>\n\t\t\t\t<div class=\"elementor-cta__bg-overlay\"><\/div>\n\t\t\t<\/div>\n\t\t\t\t\t\t\t<div class=\"elementor-cta__content\">\n\t\t\t\t\n\t\t\t\t\t\t\t\t\t<h2 class=\"elementor-cta__title elementor-cta__content-item elementor-content-item elementor-animated-item--grow\">\n\t\t\t\t\t\tBook jeres bord her:\t\t\t\t\t<\/h2>\n\t\t\t\t\n\t\t\t\t\n\t\t\t\t\t\t\t\t\t<div class=\"elementor-cta__button-wrapper elementor-cta__content-item elementor-content-item elementor-animated-item--grow\">\n\t\t\t\t\t<a class=\"elementor-cta__button elementor-button elementor-size-\" href=\"https:\/\/booking.octopuspms.com\/tb\/?TID=a7de3ff9-6dee-47b5-8c0c-02199373584f&#038;PHONE=%2b4528356900\">\n\t\t\t\t\t\tKlik her\t\t\t\t\t<\/a>\n\t\t\t\t\t<\/div>\n\t\t\t\t\t\t\t<\/div>\n\t\t\t\t\t\t<\/div>\n\t\t\t\t\t\t<\/div>\n\t\t\t\t<\/div>\n\t\t\t\t<\/div>\n\t\t<div class=\"elementor-element elementor-element-9dd85c9 e-con-full e-flex e-con e-child\" data-id=\"9dd85c9\" data-element_type=\"container\" data-e-type=\"container\">\n\t\t\t\t<\/div>\n\t\t<div class=\"elementor-element elementor-element-811f148 e-con-full e-flex e-con e-child\" data-id=\"811f148\" data-element_type=\"container\" data-e-type=\"container\">\n\t\t\t\t<\/div>\n\t\t\t\t\t<\/div>\n\t\t\t\t<\/div>\n\t\t<div class=\"elementor-element elementor-element-f59fac6 e-flex e-con-boxed e-con e-parent\" data-id=\"f59fac6\" data-element_type=\"container\" data-e-type=\"container\">\n\t\t\t\t\t<div class=\"e-con-inner\">\n\t\t<div class=\"elementor-element elementor-element-0ac311a e-con-full e-flex e-con e-child\" data-id=\"0ac311a\" data-element_type=\"container\" data-e-type=\"container\">\n\t\t\t\t<\/div>\n\t\t<div class=\"elementor-element elementor-element-276385b e-con-full e-flex e-con e-child\" data-id=\"276385b\" data-element_type=\"container\" data-e-type=\"container\">\n\t\t\t\t<div class=\"elementor-element elementor-element-6a917c0 elementor-widget elementor-widget-text-editor\" data-id=\"6a917c0\" data-element_type=\"widget\" data-e-type=\"widget\" data-widget_type=\"text-editor.default\">\n\t\t\t\t<div class=\"elementor-widget-container\">\n\t\t\t\t\t\t\t\t\t<h2><strong>Smelt Saunagus\u00a0<\/strong><\/h2><p>P\u00e5 Gr\u00f8nbechs Hotel tilbyder vi nu to eksklusive og afslappende saunagus-oplevelser \u2013 perfekte til dig, der vil fork\u00e6le b\u00e5de krop og sind.<br data-start=\"299\" data-end=\"302\" \/><em data-start=\"302\" data-end=\"373\">Er du interesseret? Kontakt os gerne for booking og mere information.<\/em><\/p><p><img decoding=\"async\" class=\"alignnone wp-image-1909\" src=\"https:\/\/groenbechshotel.dk\/wp-content\/uploads\/2025\/05\/Skaermbillede-2025-05-09-kl.-11.34.35-300x217.png\" alt=\"\" width=\"223\" height=\"161\" srcset=\"https:\/\/groenbechshotel.dk\/wp-content\/uploads\/2025\/05\/Skaermbillede-2025-05-09-kl.-11.34.35-300x217.png 300w, https:\/\/groenbechshotel.dk\/wp-content\/uploads\/2025\/05\/Skaermbillede-2025-05-09-kl.-11.34.35-768x555.png 768w, https:\/\/groenbechshotel.dk\/wp-content\/uploads\/2025\/05\/Skaermbillede-2025-05-09-kl.-11.34.35-18x12.png 18w, https:\/\/groenbechshotel.dk\/wp-content\/uploads\/2025\/05\/Skaermbillede-2025-05-09-kl.-11.34.35.png 790w\" sizes=\"(max-width: 223px) 100vw, 223px\" \/>\u00a0 \u00a0<img decoding=\"async\" class=\"alignnone wp-image-1910\" src=\"https:\/\/groenbechshotel.dk\/wp-content\/uploads\/2025\/05\/Skaermbillede-2025-05-09-kl.-11.37.32-300x201.png\" alt=\"\" width=\"240\" height=\"161\" srcset=\"https:\/\/groenbechshotel.dk\/wp-content\/uploads\/2025\/05\/Skaermbillede-2025-05-09-kl.-11.37.32-300x201.png 300w, https:\/\/groenbechshotel.dk\/wp-content\/uploads\/2025\/05\/Skaermbillede-2025-05-09-kl.-11.37.32-768x514.png 768w, https:\/\/groenbechshotel.dk\/wp-content\/uploads\/2025\/05\/Skaermbillede-2025-05-09-kl.-11.37.32-18x12.png 18w, https:\/\/groenbechshotel.dk\/wp-content\/uploads\/2025\/05\/Skaermbillede-2025-05-09-kl.-11.37.32.png 793w\" sizes=\"(max-width: 240px) 100vw, 240px\" \/><\/p><h3>Smelt Saunagus Oplevelsen (den guidede oplevelse:<\/h3><p>Vi skaber en n\u00e6rv\u00e6rende og sanselig saunaoplevelse med fokus p\u00e5 velv\u00e6re, ro og fordybelse. Gennem saunagus med \u00e6teriske olier, varme rytmer og guidede sessioner, tilbyder vi en unik aktivitet, der kombinerer afslapning, restituion og samv\u00e6rd. Uden at skulle g\u00f8re noget selv.<br \/>Lokation: Gr\u00f8nbechs Hotel \/ jeres \u00f8nskede udeomr\u00e5de<\/p><p><em>Format:<\/em><\/p><p>Varighed: 3-4 runder af 10-12 min pr. gus session.<br \/>Kapacitet: 8-9 personer pr. gus<br \/>Inkluderet:<br \/>1 x Gusmester<br \/>1 x mobil sauna<br \/>2 x isbade til nedk\u00f8ling mellem runder<br \/>\u00e6teriske olier<br \/>Br\u00e6nde<br \/>Musik og fordybende atmosf\u00e6re<br \/>Snacks og elektrolytter.<br \/>Pris: 3.500,- Inkl. moms.<\/p><p><em>Ekstra runde:<\/em><\/p><p>Varighed: 3-4 runder af 10-12 min pr. gus session.<br \/>Kapacitet: 8-9 personer pr. gus<br \/>Inkluderet: Gusmester, en mobil sauna, \u00e6teriske olier, to isbade til<br \/>nedk\u00f8ling mellem runder, br\u00e6nde, musik og fordybende<br \/>atmosf\u00e6re, snacks og elektrolytter.<br \/>Pris: 1250,- Inkl. moms.<\/p><h3>Smelt &#8220;g\u00f8r det selv&#8221; oplevelsen (den eksperimenterende oplevelse):<\/h3><div><div>Skab jeres egen sanselige og n\u00e6rv\u00e6rende saunaoplevelse med fokus p\u00e5<\/div><div>velv\u00e6re, ro og fordybelse. Med \u00e6teriske olier og grundig introduktion f\u00e5r I alt,<\/div><div>hvad der skal til for at selv at afholde en saunagus. En unik aktivitet, der<\/div><div>kombinerer afslapning, restituion og samv\u00e6rd.<\/div><div>Lokation: Gr\u00f8nbechs Hotel \/ jeres \u00f8nskede udeomr\u00e5de<\/div><\/div><div>\u00a0<\/div><div><em>Format:<\/em><\/div><div>\u00a0<\/div><div>Varighed: 2 timer<br \/>Kapacitet: 16-20 personer<br \/>Inkluderet:<br \/>2 x mobil sauna 8-10 Pers.<br \/>2x Isbade med is til nedk\u00f8ling mellem runder.<br \/>2 x Spand og \u00f8se<br \/>2 x Termo-\/ hygrometer<br \/>4-6 x B\u00e6nke<br \/>2 x Varmebestandige handsker.<br \/>2 x Sauna vifter<br \/>\u00c6teriske olier forblandet til 2 x 3 runder.<br \/>Introduktion til saunagus (S\u00e5 i selv kan k\u00f8re en saunagus).<br \/>Snacks og elektrolytter.<br \/>Br\u00e6nde til 2 timer.<br \/>Opt\u00e6nding og klarg\u00f8ring.<br \/>Pris: 4.200,- Inkl. moms.<\/div><div>\u00a0<\/div><div><p><em>Ekstra time:<\/em><\/p><p>Pris: 750,- Inkl. moms<\/p><div class=\"x14z9mp xat24cr x1lziwak x1vvkbs xtlvy1s\">\u00a0<\/div><\/div>\t\t\t\t\t\t\t\t<\/div>\n\t\t\t\t<\/div>\n\t\t\t\t<\/div>\n\t\t\t\t\t<\/div>\n\t\t\t\t<\/div>\n\t\t\t\t<\/div>","protected":false},"excerpt":{"rendered":"<p>Events p\u00e5 Gr\u00f8nbechs Hotel Book jeres bord her: Klik her Smelt Saunagus\u00a0 P\u00e5 Gr\u00f8nbechs Hotel tilbyder vi nu to eksklusive og afslappende saunagus-oplevelser \u2013 perfekte til dig, der vil fork\u00e6le b\u00e5de krop og sind.Er du interesseret? Kontakt os gerne for booking og mere information. \u00a0 \u00a0 Smelt Saunagus Oplevelsen (den guidede oplevelse: Vi skaber en [&hellip;]<\/p>\n","protected":false},"author":2,"featured_media":0,"parent":0,"menu_order":0,"comment_status":"closed","ping_status":"closed","template":"","meta":{"_acf_changed":false,"footnotes":""},"class_list":["post-1542","page","type-page","status-publish","hentry"],"acf":[],"_links":{"self":[{"href":"https:\/\/groenbechshotel.dk\/en\/wp-json\/wp\/v2\/pages\/1542","targetHints":{"allow":["GET"]}}],"collection":[{"href":"https:\/\/groenbechshotel.dk\/en\/wp-json\/wp\/v2\/pages"}],"about":[{"href":"https:\/\/groenbechshotel.dk\/en\/wp-json\/wp\/v2\/types\/page"}],"author":[{"embeddable":true,"href":"https:\/\/groenbechshotel.dk\/en\/wp-json\/wp\/v2\/users\/2"}],"replies":[{"embeddable":true,"href":"https:\/\/groenbechshotel.dk\/en\/wp-json\/wp\/v2\/comments?post=1542"}],"version-history":[{"count":172,"href":"https:\/\/groenbechshotel.dk\/en\/wp-json\/wp\/v2\/pages\/1542\/revisions"}],"predecessor-version":[{"id":2084,"href":"https:\/\/groenbechshotel.dk\/en\/wp-json\/wp\/v2\/pages\/1542\/revisions\/2084"}],"wp:attachment":[{"href":"https:\/\/groenbechshotel.dk\/en\/wp-json\/wp\/v2\/media?parent=1542"}],"curies":[{"name":"wp","href":"https:\/\/api.w.org\/{rel}","templated":true}]}}