{"id":1707,"date":"2025-02-10T11:30:51","date_gmt":"2025-02-10T11:30:51","guid":{"rendered":"https:\/\/groenbechshotel.dk\/?page_id=1707"},"modified":"2025-02-17T14:30:58","modified_gmt":"2025-02-17T14:30:58","slug":"elementor-1707","status":"publish","type":"page","link":"https:\/\/groenbechshotel.dk\/en\/elementor-1707\/","title":{"rendered":"Vandreture i nordlandet"},"content":{"rendered":"<div data-elementor-type=\"wp-page\" data-elementor-id=\"1707\" class=\"elementor elementor-1707\" data-elementor-post-type=\"page\">\n\t\t\t\t<div class=\"elementor-element elementor-element-584852a e-flex e-con-boxed e-con e-parent\" data-id=\"584852a\" data-element_type=\"container\" data-e-type=\"container\">\n\t\t\t\t\t<div class=\"e-con-inner\">\n\t\t<div class=\"elementor-element elementor-element-e1fe7f2 e-con-full e-flex e-con e-child\" data-id=\"e1fe7f2\" data-element_type=\"container\" data-e-type=\"container\">\n\t\t\t\t<div class=\"elementor-element elementor-element-434b9fa elementor-widget elementor-widget-heading\" data-id=\"434b9fa\" data-element_type=\"widget\" data-e-type=\"widget\" data-widget_type=\"heading.default\">\n\t\t\t\t<div class=\"elementor-widget-container\">\n\t\t\t\t\t<h2 class=\"elementor-heading-title elementor-size-default\">Oplev den bornholmske natur til fods<\/h2>\t\t\t\t<\/div>\n\t\t\t\t<\/div>\n\t\t\t\t<div class=\"elementor-element elementor-element-796d956 elementor-widget elementor-widget-text-editor\" data-id=\"796d956\" data-element_type=\"widget\" data-e-type=\"widget\" data-widget_type=\"text-editor.default\">\n\t\t\t\t<div class=\"elementor-widget-container\">\n\t\t\t\t\t\t\t\t\t<p>Bornholm er kendt for sin fantastiske natur, og er et rent paradis for vandrere. \u00d8en har et v\u00e6ld af natursk\u00f8nne vandreruter, der byder p\u00e5 storsl\u00e5ede kystlandskaber, dybe skove og smukke klippeformationer. Vandre-kulturen p\u00e5 Bornholm er en uundv\u00e6rlig del af \u00f8ens identitet, som tiltr\u00e6kker b\u00e5de lokale og turister \u00e5ret rundt.<\/p><p>Det bornholmske Nordland har specielt nogle smukke ruter med velholdte stier -samt varierende terr\u00e6n, som g\u00f8r det til et sandt mekka for vandrere.<\/p><p>To af de mest popul\u00e6re ruter <em>Hammerknuden Rundt<\/em>, og <em>Kyststien.<\/em>\u00a0<\/p><p><em>Hammerknuden Rundt<\/em> er ca 7 km lang, og byder p\u00e5 storsl\u00e5ede udsigter over \u00d8sters\u00f8en, Opals\u00f8en og Hammers\u00f8, hvor de vilde klippeformationer kan ses. Derudover kommer du forbi historiske steder som Hammerhus, den gamle borgruin, og f\u00e5r mulighed for at opleve \u00f8ens unikke natur p\u00e5 t\u00e6t hold<\/p><p><em>Kyststien<\/em> er er bornholmsk l\u00e6ngste rute, som snor sig hele vejen rundt om bornholm langs vandet -p\u00e5 sine ca 120 km. Vi anbefaler at pr\u00f8ve et stykke af ruten, nemlig fra <em>Allinge til Gudhjem<\/em>. Denne del af Kyststien tager vandrere gennem smukke kystlandskaber, med imponerende udsigter over \u00d8sters\u00f8en, klipper, strande og skovomr\u00e5der.<\/p>\t\t\t\t\t\t\t\t<\/div>\n\t\t\t\t<\/div>\n\t\t\t\t<\/div>\n\t\t<div class=\"elementor-element elementor-element-603b5fb e-con-full e-flex e-con e-child\" data-id=\"603b5fb\" data-element_type=\"container\" data-e-type=\"container\">\n\t\t\t\t<div class=\"elementor-element elementor-element-7e13f73 elementor-widget elementor-widget-image\" data-id=\"7e13f73\" data-element_type=\"widget\" data-e-type=\"widget\" data-widget_type=\"image.default\">\n\t\t\t\t<div class=\"elementor-widget-container\">\n\t\t\t\t\t\t\t\t\t\t\t\t\t\t\t<img fetchpriority=\"high\" decoding=\"async\" width=\"768\" height=\"1024\" src=\"https:\/\/groenbechshotel.dk\/wp-content\/uploads\/2025\/02\/8BCB39A9-070C-4B98-8A17-97768E83AE08_1_105_c.jpeg\" class=\"attachment-large size-large wp-image-1748\" alt=\"\" srcset=\"https:\/\/groenbechshotel.dk\/wp-content\/uploads\/2025\/02\/8BCB39A9-070C-4B98-8A17-97768E83AE08_1_105_c.jpeg 768w, https:\/\/groenbechshotel.dk\/wp-content\/uploads\/2025\/02\/8BCB39A9-070C-4B98-8A17-97768E83AE08_1_105_c-225x300.jpeg 225w, https:\/\/groenbechshotel.dk\/wp-content\/uploads\/2025\/02\/8BCB39A9-070C-4B98-8A17-97768E83AE08_1_105_c-9x12.jpeg 9w\" sizes=\"(max-width: 768px) 100vw, 768px\" \/>\t\t\t\t\t\t\t\t\t\t\t\t\t\t\t<\/div>\n\t\t\t\t<\/div>\n\t\t\t\t<\/div>\n\t\t<div class=\"elementor-element elementor-element-1f3e393 e-con-full e-flex e-con e-child\" data-id=\"1f3e393\" data-element_type=\"container\" data-e-type=\"container\">\n\t\t\t\t<\/div>\n\t\t<div class=\"elementor-element elementor-element-df62ab4 e-con-full e-flex e-con e-child\" data-id=\"df62ab4\" data-element_type=\"container\" data-e-type=\"container\">\n\t\t\t\t<\/div>\n\t\t\t\t\t<\/div>\n\t\t\t\t<\/div>\n\t\t\t\t<\/div>","protected":false},"excerpt":{"rendered":"<p>Oplev den bornholmske natur til fods Bornholm er kendt for sin fantastiske natur, og er et rent paradis for vandrere. \u00d8en har et v\u00e6ld af natursk\u00f8nne vandreruter, der byder p\u00e5 storsl\u00e5ede kystlandskaber, dybe skove og smukke klippeformationer. Vandre-kulturen p\u00e5 Bornholm er en uundv\u00e6rlig del af \u00f8ens identitet, som tiltr\u00e6kker b\u00e5de lokale og turister \u00e5ret rundt. [&hellip;]<\/p>\n","protected":false},"author":6,"featured_media":0,"parent":0,"menu_order":0,"comment_status":"closed","ping_status":"closed","template":"elementor_theme","meta":{"_acf_changed":false,"footnotes":""},"class_list":["post-1707","page","type-page","status-publish","hentry"],"acf":[],"_links":{"self":[{"href":"https:\/\/groenbechshotel.dk\/en\/wp-json\/wp\/v2\/pages\/1707","targetHints":{"allow":["GET"]}}],"collection":[{"href":"https:\/\/groenbechshotel.dk\/en\/wp-json\/wp\/v2\/pages"}],"about":[{"href":"https:\/\/groenbechshotel.dk\/en\/wp-json\/wp\/v2\/types\/page"}],"author":[{"embeddable":true,"href":"https:\/\/groenbechshotel.dk\/en\/wp-json\/wp\/v2\/users\/6"}],"replies":[{"embeddable":true,"href":"https:\/\/groenbechshotel.dk\/en\/wp-json\/wp\/v2\/comments?post=1707"}],"version-history":[{"count":35,"href":"https:\/\/groenbechshotel.dk\/en\/wp-json\/wp\/v2\/pages\/1707\/revisions"}],"predecessor-version":[{"id":1782,"href":"https:\/\/groenbechshotel.dk\/en\/wp-json\/wp\/v2\/pages\/1707\/revisions\/1782"}],"wp:attachment":[{"href":"https:\/\/groenbechshotel.dk\/en\/wp-json\/wp\/v2\/media?parent=1707"}],"curies":[{"name":"wp","href":"https:\/\/api.w.org\/{rel}","templated":true}]}}