{"id":27,"date":"2023-08-17T14:49:35","date_gmt":"2023-08-17T14:49:35","guid":{"rendered":"https:\/\/groenbechshotel.dk\/?page_id=27"},"modified":"2024-01-28T21:37:54","modified_gmt":"2024-01-28T21:37:54","slug":"forside","status":"publish","type":"page","link":"https:\/\/groenbechshotel.dk\/en\/","title":{"rendered":"Forside"},"content":{"rendered":"\t\t<div data-elementor-type=\"wp-page\" data-elementor-id=\"27\" class=\"elementor elementor-27\" data-elementor-post-type=\"page\">\n\t\t\t\t<div class=\"elementor-element elementor-element-6a2d868 e-con-full e-flex e-con e-parent\" data-id=\"6a2d868\" data-element_type=\"container\" data-e-type=\"container\" data-settings=\"{&quot;background_background&quot;:&quot;classic&quot;}\">\n\t\t\t\t<div class=\"elementor-element elementor-element-ba95135 elementor-widget elementor-widget-image\" data-id=\"ba95135\" data-element_type=\"widget\" data-e-type=\"widget\" data-widget_type=\"image.default\">\n\t\t\t\t<div class=\"elementor-widget-container\">\n\t\t\t\t\t\t\t\t\t\t\t\t\t\t\t<img decoding=\"async\" src=\"https:\/\/groenbechshotel.dk\/wp-content\/uploads\/elementor\/thumbs\/Groenbechs-Hotel-Groen-qba30q3sobp965wx6wqjzq40ontmm3u15xow6s466c.webp\" title=\"Gr\u00f8nbechs-Hotel-Gr\u00f8n\" alt=\"Gr\u00f8nbechs-Hotel-Gr\u00f8n\" loading=\"lazy\" \/>\t\t\t\t\t\t\t\t\t\t\t\t\t\t\t<\/div>\n\t\t\t\t<\/div>\n\t\t\t\t<\/div>\n\t\t<div class=\"elementor-element elementor-element-309d983 e-flex e-con-boxed e-con e-parent\" data-id=\"309d983\" data-element_type=\"container\" data-e-type=\"container\" data-settings=\"{&quot;background_background&quot;:&quot;classic&quot;}\">\n\t\t\t\t\t<div class=\"e-con-inner\">\n\t\t<div class=\"elementor-element elementor-element-9f93998 e-con-full e-flex e-con e-child\" data-id=\"9f93998\" data-element_type=\"container\" data-e-type=\"container\">\n\t\t\t\t<div class=\"elementor-element elementor-element-c6f3b6f elementor-widget-divider--view-line elementor-widget elementor-widget-divider\" data-id=\"c6f3b6f\" data-element_type=\"widget\" data-e-type=\"widget\" data-widget_type=\"divider.default\">\n\t\t\t\t<div class=\"elementor-widget-container\">\n\t\t\t\t\t\t\t<div class=\"elementor-divider\">\n\t\t\t<span class=\"elementor-divider-separator\">\n\t\t\t\t\t\t<\/span>\n\t\t<\/div>\n\t\t\t\t\t\t<\/div>\n\t\t\t\t<\/div>\n\t\t\t\t<\/div>\n\t\t<div class=\"elementor-element elementor-element-a3cf961 e-con-full e-flex e-con e-child\" data-id=\"a3cf961\" data-element_type=\"container\" data-e-type=\"container\">\n\t\t\t\t<div class=\"elementor-element elementor-element-74c220e elementor-widget elementor-widget-heading\" data-id=\"74c220e\" data-element_type=\"widget\" data-e-type=\"widget\" data-widget_type=\"heading.default\">\n\t\t\t\t<div class=\"elementor-widget-container\">\n\t\t\t\t\t<h5 class=\"elementor-heading-title elementor-size-default\">Et boutique byhotel i hjertet af Allinge<\/h5>\t\t\t\t<\/div>\n\t\t\t\t<\/div>\n\t\t\t\t<\/div>\n\t\t<div class=\"elementor-element elementor-element-4f8e10e e-con-full e-flex e-con e-child\" data-id=\"4f8e10e\" data-element_type=\"container\" data-e-type=\"container\">\n\t\t\t\t<div class=\"elementor-element elementor-element-98ab7c5 elementor-widget-divider--view-line elementor-widget elementor-widget-divider\" data-id=\"98ab7c5\" data-element_type=\"widget\" data-e-type=\"widget\" data-widget_type=\"divider.default\">\n\t\t\t\t<div class=\"elementor-widget-container\">\n\t\t\t\t\t\t\t<div class=\"elementor-divider\">\n\t\t\t<span class=\"elementor-divider-separator\">\n\t\t\t\t\t\t<\/span>\n\t\t<\/div>\n\t\t\t\t\t\t<\/div>\n\t\t\t\t<\/div>\n\t\t\t\t<\/div>\n\t\t\t\t\t<\/div>\n\t\t\t\t<\/div>\n\t\t<div class=\"elementor-element elementor-element-c4546c1 e-flex e-con-boxed e-con e-parent\" data-id=\"c4546c1\" data-element_type=\"container\" data-e-type=\"container\" data-settings=\"{&quot;background_background&quot;:&quot;classic&quot;}\">\n\t\t\t\t\t<div class=\"e-con-inner\">\n\t\t\t\t<div class=\"elementor-element elementor-element-cda6262 elementor-widget elementor-widget-heading\" data-id=\"cda6262\" data-element_type=\"widget\" data-e-type=\"widget\" data-widget_type=\"heading.default\">\n\t\t\t\t<div class=\"elementor-widget-container\">\n\t\t\t\t\t<h2 class=\"elementor-heading-title elementor-size-default\">Bes\u00f8g Gr\u00f8nbechs Hotel<\/h2>\t\t\t\t<\/div>\n\t\t\t\t<\/div>\n\t\t\t\t<div class=\"elementor-element elementor-element-d0ac87b elementor-widget elementor-widget-text-editor\" data-id=\"d0ac87b\" data-element_type=\"widget\" data-e-type=\"widget\" data-widget_type=\"text-editor.default\">\n\t\t\t\t<div class=\"elementor-widget-container\">\n\t\t\t\t\t\t\t\t\t<p>Gr\u00f8nbechs Hotel har eksisteret som g\u00e6stgiveri siden slutningen af 1800-tallet og har s\u00e5ledes en stolt bornholmsk tradition. I dag st\u00e5r hotellet og restauranten helt nyrenoveret for at sikre at g\u00e6sterne kan opleve den autentiske bornholmske stemning i behagelige og luksuri\u00f8se rammer.<\/p><p>Hotellets gourmetrestaurant og 23 v\u00e6relser er holdt loyal overfor den bornholmske stemning, smag og \u00e5nd, men med en f\u00f8lelse af moderne kvalitet og luksus.<\/p><p>Gr\u00f8nbechs Hotel ligger p\u00e5 den nordligste del af \u00f8en midt i Allinge blandt de karakteristiske farverige sm\u00e5 huse og med kig til Allinge Havn og de smukke bornholmske klipper.<\/p>\t\t\t\t\t\t\t\t<\/div>\n\t\t\t\t<\/div>\n\t\t\t\t\t<\/div>\n\t\t\t\t<\/div>\n\t\t<div class=\"elementor-element elementor-element-483a0df e-con-full e-flex e-con e-parent\" data-id=\"483a0df\" data-element_type=\"container\" data-e-type=\"container\">\n\t\t<div class=\"elementor-element elementor-element-dd6a569 e-con-full e-flex e-con e-child\" data-id=\"dd6a569\" data-element_type=\"container\" data-e-type=\"container\" data-settings=\"{&quot;background_background&quot;:&quot;classic&quot;}\">\n\t\t\t\t<div class=\"elementor-element elementor-element-b69c4a6 elementor-widget elementor-widget-image\" data-id=\"b69c4a6\" data-element_type=\"widget\" data-e-type=\"widget\" data-widget_type=\"image.default\">\n\t\t\t\t<div class=\"elementor-widget-container\">\n\t\t\t\t\t\t\t\t\t\t\t\t\t\t\t<img fetchpriority=\"high\" decoding=\"async\" width=\"2560\" height=\"2050\" src=\"https:\/\/groenbechshotel.dk\/wp-content\/uploads\/2023\/08\/Groenbechs-hotel-4-scaled.jpg\" class=\"attachment-full size-full wp-image-101\" alt=\"\" srcset=\"https:\/\/groenbechshotel.dk\/wp-content\/uploads\/2023\/08\/Groenbechs-hotel-4-scaled.jpg 2560w, https:\/\/groenbechshotel.dk\/wp-content\/uploads\/2023\/08\/Groenbechs-hotel-4-300x240.jpg 300w, https:\/\/groenbechshotel.dk\/wp-content\/uploads\/2023\/08\/Groenbechs-hotel-4-1024x820.jpg 1024w, https:\/\/groenbechshotel.dk\/wp-content\/uploads\/2023\/08\/Groenbechs-hotel-4-768x615.jpg 768w, https:\/\/groenbechshotel.dk\/wp-content\/uploads\/2023\/08\/Groenbechs-hotel-4-1536x1230.jpg 1536w, https:\/\/groenbechshotel.dk\/wp-content\/uploads\/2023\/08\/Groenbechs-hotel-4-2048x1640.jpg 2048w, https:\/\/groenbechshotel.dk\/wp-content\/uploads\/2023\/08\/Groenbechs-hotel-4-15x12.jpg 15w\" sizes=\"(max-width: 2560px) 100vw, 2560px\" \/>\t\t\t\t\t\t\t\t\t\t\t\t\t\t\t<\/div>\n\t\t\t\t<\/div>\n\t\t\t\t<\/div>\n\t\t<div class=\"elementor-element elementor-element-d2c45a8 e-con-full e-flex e-con e-child\" data-id=\"d2c45a8\" data-element_type=\"container\" data-e-type=\"container\" data-settings=\"{&quot;background_background&quot;:&quot;classic&quot;}\">\n\t\t<div class=\"elementor-element elementor-element-6c4bdb9 e-flex e-con-boxed e-con e-child\" data-id=\"6c4bdb9\" data-element_type=\"container\" data-e-type=\"container\">\n\t\t\t\t\t<div class=\"e-con-inner\">\n\t\t\t\t<div class=\"elementor-element elementor-element-f90c899 elementor-widget elementor-widget-heading\" data-id=\"f90c899\" data-element_type=\"widget\" data-e-type=\"widget\" data-widget_type=\"heading.default\">\n\t\t\t\t<div class=\"elementor-widget-container\">\n\t\t\t\t\t<h2 class=\"elementor-heading-title elementor-size-default\">Restauranten<\/h2>\t\t\t\t<\/div>\n\t\t\t\t<\/div>\n\t\t\t\t<div class=\"elementor-element elementor-element-51b1981 elementor-widget elementor-widget-text-editor\" data-id=\"51b1981\" data-element_type=\"widget\" data-e-type=\"widget\" data-widget_type=\"text-editor.default\">\n\t\t\t\t<div class=\"elementor-widget-container\">\n\t\t\t\t\t\t\t\t\t<p><span style=\"font-weight: 400;\">P\u00e5 Restaurant Gr\u00f8nbechs Hotel byder vi p\u00e5 gourmetmad, som tager udgangspunkt i lokale og friske r\u00e5varer. Restauranten, som emmer af bornholmsk hygge og som er holdt i uformelle rammer, er b\u00e5de for hotellets g\u00e6ster og g\u00e6ster udefra.<\/span><\/p><p><span style=\"font-weight: 400;\">Du er ogs\u00e5 velkommen til at komme forbi til en \u00f8l fra Svaneke Bryghus eller et glas ros\u00e9 og snacks i vores hyggelige bar eller i vores g\u00e5rdhave.<\/span><\/p>\t\t\t\t\t\t\t\t<\/div>\n\t\t\t\t<\/div>\n\t\t\t\t<div class=\"elementor-element elementor-element-1fea626 elementor-align-center elementor-widget elementor-widget-button\" data-id=\"1fea626\" data-element_type=\"widget\" data-e-type=\"widget\" data-widget_type=\"button.default\">\n\t\t\t\t<div class=\"elementor-widget-container\">\n\t\t\t\t\t\t\t\t\t<div class=\"elementor-button-wrapper\">\n\t\t\t\t\t<a class=\"elementor-button elementor-button-link elementor-size-md\" href=\"https:\/\/groenbechshotel.dk\/en\/restauranten\/\">\n\t\t\t\t\t\t<span class=\"elementor-button-content-wrapper\">\n\t\t\t\t\t\t\t\t\t<span class=\"elementor-button-text\">L\u00c6S MERE<\/span>\n\t\t\t\t\t<\/span>\n\t\t\t\t\t<\/a>\n\t\t\t\t<\/div>\n\t\t\t\t\t\t\t\t<\/div>\n\t\t\t\t<\/div>\n\t\t\t\t\t<\/div>\n\t\t\t\t<\/div>\n\t\t\t\t<\/div>\n\t\t\t\t<\/div>\n\t\t<div class=\"elementor-element elementor-element-65dfb8d e-con-full e-flex e-con e-parent\" data-id=\"65dfb8d\" data-element_type=\"container\" data-e-type=\"container\">\n\t\t<div class=\"elementor-element elementor-element-79270e1 e-con-full e-flex e-con e-child\" data-id=\"79270e1\" data-element_type=\"container\" data-e-type=\"container\" data-settings=\"{&quot;background_background&quot;:&quot;classic&quot;}\">\n\t\t<div class=\"elementor-element elementor-element-b5c890e e-flex e-con-boxed e-con e-child\" data-id=\"b5c890e\" data-element_type=\"container\" data-e-type=\"container\">\n\t\t\t\t\t<div class=\"e-con-inner\">\n\t\t\t\t<div class=\"elementor-element elementor-element-79591b1 elementor-widget elementor-widget-heading\" data-id=\"79591b1\" data-element_type=\"widget\" data-e-type=\"widget\" data-widget_type=\"heading.default\">\n\t\t\t\t<div class=\"elementor-widget-container\">\n\t\t\t\t\t<h2 class=\"elementor-heading-title elementor-size-default\">Hotellet<\/h2>\t\t\t\t<\/div>\n\t\t\t\t<\/div>\n\t\t\t\t<div class=\"elementor-element elementor-element-ad17c55 elementor-widget elementor-widget-text-editor\" data-id=\"ad17c55\" data-element_type=\"widget\" data-e-type=\"widget\" data-widget_type=\"text-editor.default\">\n\t\t\t\t<div class=\"elementor-widget-container\">\n\t\t\t\t\t\t\t\t\t<p>Gr\u00f8nbechs Hotel er et hyggeligt boutique hotel placeret i hjertet af Allinge med kig fra bakkerne ned mod Allinge Havn. Ikke to v\u00e6relser er ens, s\u00e5 du kan altid v\u00e6re sikker p\u00e5 at f\u00e5 en unik oplevelse. P\u00e5 alle v\u00e6relser har vi gjort os umage med at skabe en autentisk bornholmsk oplevelse &#8211; altid med moderne luksus og bekvemmelighed.<\/p>\t\t\t\t\t\t\t\t<\/div>\n\t\t\t\t<\/div>\n\t\t\t\t<div class=\"elementor-element elementor-element-8eda68b elementor-align-center elementor-widget elementor-widget-button\" data-id=\"8eda68b\" data-element_type=\"widget\" data-e-type=\"widget\" data-widget_type=\"button.default\">\n\t\t\t\t<div class=\"elementor-widget-container\">\n\t\t\t\t\t\t\t\t\t<div class=\"elementor-button-wrapper\">\n\t\t\t\t\t<a class=\"elementor-button elementor-button-link elementor-size-md\" href=\"https:\/\/groenbechshotel.dk\/en\/hotellet\/\">\n\t\t\t\t\t\t<span class=\"elementor-button-content-wrapper\">\n\t\t\t\t\t\t\t\t\t<span class=\"elementor-button-text\">L\u00c6S MERE<\/span>\n\t\t\t\t\t<\/span>\n\t\t\t\t\t<\/a>\n\t\t\t\t<\/div>\n\t\t\t\t\t\t\t\t<\/div>\n\t\t\t\t<\/div>\n\t\t\t\t\t<\/div>\n\t\t\t\t<\/div>\n\t\t\t\t<\/div>\n\t\t<div class=\"elementor-element elementor-element-fcd5205 e-con-full e-flex e-con e-child\" data-id=\"fcd5205\" data-element_type=\"container\" data-e-type=\"container\" data-settings=\"{&quot;background_background&quot;:&quot;classic&quot;}\">\n\t\t\t\t<div class=\"elementor-element elementor-element-8d4ac82 elementor-widget elementor-widget-image\" data-id=\"8d4ac82\" data-element_type=\"widget\" data-e-type=\"widget\" data-widget_type=\"image.default\">\n\t\t\t\t<div class=\"elementor-widget-container\">\n\t\t\t\t\t\t\t\t\t\t\t\t\t\t\t<img decoding=\"async\" width=\"2560\" height=\"2050\" src=\"https:\/\/groenbechshotel.dk\/wp-content\/uploads\/2023\/08\/Groenbechs-hotel-3-scaled.jpg\" class=\"attachment-full size-full wp-image-102\" alt=\"\" srcset=\"https:\/\/groenbechshotel.dk\/wp-content\/uploads\/2023\/08\/Groenbechs-hotel-3-scaled.jpg 2560w, https:\/\/groenbechshotel.dk\/wp-content\/uploads\/2023\/08\/Groenbechs-hotel-3-300x240.jpg 300w, https:\/\/groenbechshotel.dk\/wp-content\/uploads\/2023\/08\/Groenbechs-hotel-3-1024x820.jpg 1024w, https:\/\/groenbechshotel.dk\/wp-content\/uploads\/2023\/08\/Groenbechs-hotel-3-768x615.jpg 768w, https:\/\/groenbechshotel.dk\/wp-content\/uploads\/2023\/08\/Groenbechs-hotel-3-1536x1230.jpg 1536w, https:\/\/groenbechshotel.dk\/wp-content\/uploads\/2023\/08\/Groenbechs-hotel-3-2048x1640.jpg 2048w, https:\/\/groenbechshotel.dk\/wp-content\/uploads\/2023\/08\/Groenbechs-hotel-3-15x12.jpg 15w\" sizes=\"(max-width: 2560px) 100vw, 2560px\" \/>\t\t\t\t\t\t\t\t\t\t\t\t\t\t\t<\/div>\n\t\t\t\t<\/div>\n\t\t\t\t<\/div>\n\t\t\t\t<\/div>\n\t\t<div class=\"elementor-element elementor-element-b44fd08 e-con-full e-flex e-con e-parent\" data-id=\"b44fd08\" data-element_type=\"container\" data-e-type=\"container\">\n\t\t<div class=\"elementor-element elementor-element-e361e0c e-con-full e-flex e-con e-child\" data-id=\"e361e0c\" data-element_type=\"container\" data-e-type=\"container\" data-settings=\"{&quot;background_background&quot;:&quot;classic&quot;}\">\n\t\t\t\t<div class=\"elementor-element elementor-element-7604d64 elementor-widget elementor-widget-image\" data-id=\"7604d64\" data-element_type=\"widget\" data-e-type=\"widget\" data-widget_type=\"image.default\">\n\t\t\t\t<div class=\"elementor-widget-container\">\n\t\t\t\t\t\t\t\t\t\t\t\t\t\t\t<img decoding=\"async\" width=\"2560\" height=\"2058\" src=\"https:\/\/groenbechshotel.dk\/wp-content\/uploads\/2023\/08\/Groenbechs-hotel-1-scaled.jpg\" class=\"attachment-full size-full wp-image-104\" alt=\"\" srcset=\"https:\/\/groenbechshotel.dk\/wp-content\/uploads\/2023\/08\/Groenbechs-hotel-1-scaled.jpg 2560w, https:\/\/groenbechshotel.dk\/wp-content\/uploads\/2023\/08\/Groenbechs-hotel-1-300x241.jpg 300w, https:\/\/groenbechshotel.dk\/wp-content\/uploads\/2023\/08\/Groenbechs-hotel-1-1024x823.jpg 1024w, https:\/\/groenbechshotel.dk\/wp-content\/uploads\/2023\/08\/Groenbechs-hotel-1-768x617.jpg 768w, https:\/\/groenbechshotel.dk\/wp-content\/uploads\/2023\/08\/Groenbechs-hotel-1-1536x1235.jpg 1536w, https:\/\/groenbechshotel.dk\/wp-content\/uploads\/2023\/08\/Groenbechs-hotel-1-2048x1646.jpg 2048w, https:\/\/groenbechshotel.dk\/wp-content\/uploads\/2023\/08\/Groenbechs-hotel-1-15x12.jpg 15w\" sizes=\"(max-width: 2560px) 100vw, 2560px\" \/>\t\t\t\t\t\t\t\t\t\t\t\t\t\t\t<\/div>\n\t\t\t\t<\/div>\n\t\t\t\t<\/div>\n\t\t<div class=\"elementor-element elementor-element-3eb51d5 e-con-full e-flex e-con e-child\" data-id=\"3eb51d5\" data-element_type=\"container\" data-e-type=\"container\" data-settings=\"{&quot;background_background&quot;:&quot;classic&quot;}\">\n\t\t<div class=\"elementor-element elementor-element-d1220e0 e-flex e-con-boxed e-con e-child\" data-id=\"d1220e0\" data-element_type=\"container\" data-e-type=\"container\">\n\t\t\t\t\t<div class=\"e-con-inner\">\n\t\t\t\t<div class=\"elementor-element elementor-element-05c6709 elementor-widget elementor-widget-heading\" data-id=\"05c6709\" data-element_type=\"widget\" data-e-type=\"widget\" data-widget_type=\"heading.default\">\n\t\t\t\t<div class=\"elementor-widget-container\">\n\t\t\t\t\t<h2 class=\"elementor-heading-title elementor-size-default\">V\u00e6relserne<\/h2>\t\t\t\t<\/div>\n\t\t\t\t<\/div>\n\t\t\t\t<div class=\"elementor-element elementor-element-ed621da elementor-widget elementor-widget-text-editor\" data-id=\"ed621da\" data-element_type=\"widget\" data-e-type=\"widget\" data-widget_type=\"text-editor.default\">\n\t\t\t\t<div class=\"elementor-widget-container\">\n\t\t\t\t\t\t\t\t\t<p>Gr\u00f8nbechs Hotels 23 v\u00e6relser er renoveret i 2022 &#8211; 2024. Alle v\u00e6relserne er unikt indrettet med henblik p\u00e5 at skabe en b\u00e5de bornholmsk og hjemlig f\u00f8lelse. Det er vores hensigt at sikre, at g\u00e6sterne f\u00e5r en fornemmelse af \u00f8ens og hotellets historie i samspil med moderne design og komfort.<\/p>\t\t\t\t\t\t\t\t<\/div>\n\t\t\t\t<\/div>\n\t\t\t\t<div class=\"elementor-element elementor-element-6e617f0 elementor-align-center elementor-widget elementor-widget-button\" data-id=\"6e617f0\" data-element_type=\"widget\" data-e-type=\"widget\" data-widget_type=\"button.default\">\n\t\t\t\t<div class=\"elementor-widget-container\">\n\t\t\t\t\t\t\t\t\t<div class=\"elementor-button-wrapper\">\n\t\t\t\t\t<a class=\"elementor-button elementor-button-link elementor-size-md\" href=\"https:\/\/groenbechshotel.dk\/en\/vaerelserne\/\">\n\t\t\t\t\t\t<span class=\"elementor-button-content-wrapper\">\n\t\t\t\t\t\t\t\t\t<span class=\"elementor-button-text\">L\u00c6S MERE<\/span>\n\t\t\t\t\t<\/span>\n\t\t\t\t\t<\/a>\n\t\t\t\t<\/div>\n\t\t\t\t\t\t\t\t<\/div>\n\t\t\t\t<\/div>\n\t\t\t\t\t<\/div>\n\t\t\t\t<\/div>\n\t\t\t\t<\/div>\n\t\t\t\t<\/div>\n\t\t<div class=\"elementor-element elementor-element-41ffda6 e-con-full e-flex e-con e-parent\" data-id=\"41ffda6\" data-element_type=\"container\" data-e-type=\"container\" data-settings=\"{&quot;background_background&quot;:&quot;classic&quot;}\">\n\t\t<div class=\"elementor-element elementor-element-2339352 e-con-full e-flex e-con e-child\" data-id=\"2339352\" data-element_type=\"container\" data-e-type=\"container\" data-settings=\"{&quot;background_background&quot;:&quot;classic&quot;}\">\n\t\t<div class=\"elementor-element elementor-element-3d76584 e-flex e-con-boxed e-con e-child\" data-id=\"3d76584\" data-element_type=\"container\" data-e-type=\"container\">\n\t\t\t\t\t<div class=\"e-con-inner\">\n\t\t\t\t<div class=\"elementor-element elementor-element-7ba36c3 elementor-widget elementor-widget-heading\" data-id=\"7ba36c3\" data-element_type=\"widget\" data-e-type=\"widget\" data-widget_type=\"heading.default\">\n\t\t\t\t<div class=\"elementor-widget-container\">\n\t\t\t\t\t<h2 class=\"elementor-heading-title elementor-size-default\">Oplev Bornholm<\/h2>\t\t\t\t<\/div>\n\t\t\t\t<\/div>\n\t\t\t\t<div class=\"elementor-element elementor-element-4e01102 elementor-widget elementor-widget-text-editor\" data-id=\"4e01102\" data-element_type=\"widget\" data-e-type=\"widget\" data-widget_type=\"text-editor.default\">\n\t\t\t\t<div class=\"elementor-widget-container\">\n\t\t\t\t\t\t\t\t\t<p>Bornholm er kendt for sin betagende natur, herunder klippekyster, skove, s\u00f8er og smukke strande. \u00d8en tilbyder fantastiske muligheder for udend\u00f8rs aktiviteter som vandreture, cykling og badning. Samtidig har Bornholm en rig kulturarv med mange museer, gallerier og historiske steder. Du kan udforske \u00f8ens kunstscene, traditionelle h\u00e5ndv\u00e6rk og ark\u00e6ologiske fund.<\/p>\t\t\t\t\t\t\t\t<\/div>\n\t\t\t\t<\/div>\n\t\t\t\t\t<\/div>\n\t\t\t\t<\/div>\n\t\t\t\t<div class=\"elementor-element elementor-element-675646c elementor-align-center elementor-widget elementor-widget-button\" data-id=\"675646c\" data-element_type=\"widget\" data-e-type=\"widget\" data-widget_type=\"button.default\">\n\t\t\t\t<div class=\"elementor-widget-container\">\n\t\t\t\t\t\t\t\t\t<div class=\"elementor-button-wrapper\">\n\t\t\t\t\t<a class=\"elementor-button elementor-button-link elementor-size-md\" href=\"https:\/\/groenbechshotel.dk\/en\/bornholm\/\">\n\t\t\t\t\t\t<span class=\"elementor-button-content-wrapper\">\n\t\t\t\t\t\t\t\t\t<span class=\"elementor-button-text\">L\u00c6S MERE<\/span>\n\t\t\t\t\t<\/span>\n\t\t\t\t\t<\/a>\n\t\t\t\t<\/div>\n\t\t\t\t\t\t\t\t<\/div>\n\t\t\t\t<\/div>\n\t\t\t\t<\/div>\n\t\t<div class=\"elementor-element elementor-element-b4d3d96 e-con-full e-flex e-con e-child\" data-id=\"b4d3d96\" data-element_type=\"container\" data-e-type=\"container\" data-settings=\"{&quot;background_background&quot;:&quot;classic&quot;}\">\n\t\t\t\t<div class=\"elementor-element elementor-element-969f7ed elementor-widget elementor-widget-image\" data-id=\"969f7ed\" data-element_type=\"widget\" data-e-type=\"widget\" data-widget_type=\"image.default\">\n\t\t\t\t<div class=\"elementor-widget-container\">\n\t\t\t\t\t\t\t\t\t\t\t\t\t\t\t<img loading=\"lazy\" decoding=\"async\" width=\"2560\" height=\"2049\" src=\"https:\/\/groenbechshotel.dk\/wp-content\/uploads\/2023\/08\/Groenbechs-hotel-2-scaled.jpg\" class=\"attachment-full size-full wp-image-103\" alt=\"\" srcset=\"https:\/\/groenbechshotel.dk\/wp-content\/uploads\/2023\/08\/Groenbechs-hotel-2-scaled.jpg 2560w, https:\/\/groenbechshotel.dk\/wp-content\/uploads\/2023\/08\/Groenbechs-hotel-2-300x240.jpg 300w, https:\/\/groenbechshotel.dk\/wp-content\/uploads\/2023\/08\/Groenbechs-hotel-2-1024x820.jpg 1024w, https:\/\/groenbechshotel.dk\/wp-content\/uploads\/2023\/08\/Groenbechs-hotel-2-768x615.jpg 768w, https:\/\/groenbechshotel.dk\/wp-content\/uploads\/2023\/08\/Groenbechs-hotel-2-1536x1230.jpg 1536w, https:\/\/groenbechshotel.dk\/wp-content\/uploads\/2023\/08\/Groenbechs-hotel-2-2048x1640.jpg 2048w, https:\/\/groenbechshotel.dk\/wp-content\/uploads\/2023\/08\/Groenbechs-hotel-2-15x12.jpg 15w\" sizes=\"(max-width: 2560px) 100vw, 2560px\" \/>\t\t\t\t\t\t\t\t\t\t\t\t\t\t\t<\/div>\n\t\t\t\t<\/div>\n\t\t\t\t<\/div>\n\t\t\t\t<\/div>\n\t\t<div class=\"elementor-element elementor-element-19ff1e4 elementor-hidden-desktop elementor-hidden-tablet elementor-hidden-mobile e-flex e-con-boxed e-con e-parent\" data-id=\"19ff1e4\" data-element_type=\"container\" data-e-type=\"container\" data-settings=\"{&quot;background_background&quot;:&quot;classic&quot;}\">\n\t\t\t\t\t<div class=\"e-con-inner\">\n\t\t\t\t<div class=\"elementor-element elementor-element-b4ec023 elementor-widget elementor-widget-heading\" data-id=\"b4ec023\" data-element_type=\"widget\" data-e-type=\"widget\" data-widget_type=\"heading.default\">\n\t\t\t\t<div class=\"elementor-widget-container\">\n\t\t\t\t\t<h2 class=\"elementor-heading-title elementor-size-default\">Aktuelt p\u00e5 Gr\u00f8nbechs Hotel<\/h2>\t\t\t\t<\/div>\n\t\t\t\t<\/div>\n\t\t\t\t<div class=\"elementor-element elementor-element-636e41d elementor-grid-3 elementor-grid-tablet-2 elementor-grid-mobile-1 elementor-widget elementor-widget-loop-grid\" data-id=\"636e41d\" data-element_type=\"widget\" data-e-type=\"widget\" data-settings=\"{&quot;template_id&quot;:&quot;1255&quot;,&quot;_skin&quot;:&quot;post&quot;,&quot;columns&quot;:&quot;3&quot;,&quot;columns_tablet&quot;:&quot;2&quot;,&quot;columns_mobile&quot;:&quot;1&quot;,&quot;edit_handle_selector&quot;:&quot;[data-elementor-type=\\&quot;loop-item\\&quot;]&quot;,&quot;row_gap&quot;:{&quot;unit&quot;:&quot;px&quot;,&quot;size&quot;:&quot;&quot;,&quot;sizes&quot;:[]},&quot;row_gap_tablet&quot;:{&quot;unit&quot;:&quot;px&quot;,&quot;size&quot;:&quot;&quot;,&quot;sizes&quot;:[]},&quot;row_gap_mobile&quot;:{&quot;unit&quot;:&quot;px&quot;,&quot;size&quot;:&quot;&quot;,&quot;sizes&quot;:[]}}\" data-widget_type=\"loop-grid.post\">\n\t\t\t\t<div class=\"elementor-widget-container\">\n\t\t\t\t\t\t\t<div class=\"e-loop-nothing-found-message\">\n\t\t<\/div>\n\t\t\t\t\t\t<\/div>\n\t\t\t\t<\/div>\n\t\t\t\t\t<\/div>\n\t\t\t\t<\/div>\n\t\t\t\t<\/div>\n\t\t","protected":false},"excerpt":{"rendered":"<p>Et boutique byhotel i hjertet af Allinge Bes\u00f8g Gr\u00f8nbechs Hotel Gr\u00f8nbechs Hotel har eksisteret som g\u00e6stgiveri siden slutningen af 1800-tallet og har s\u00e5ledes en stolt bornholmsk tradition. I dag st\u00e5r hotellet og restauranten helt nyrenoveret for at sikre at g\u00e6sterne kan opleve den autentiske bornholmske stemning i behagelige og luksuri\u00f8se rammer. Hotellets gourmetrestaurant og 23 [&hellip;]<\/p>\n","protected":false},"author":1,"featured_media":0,"parent":0,"menu_order":0,"comment_status":"closed","ping_status":"closed","template":"","meta":{"_acf_changed":false,"footnotes":""},"class_list":["post-27","page","type-page","status-publish","hentry"],"acf":[],"_links":{"self":[{"href":"https:\/\/groenbechshotel.dk\/en\/wp-json\/wp\/v2\/pages\/27","targetHints":{"allow":["GET"]}}],"collection":[{"href":"https:\/\/groenbechshotel.dk\/en\/wp-json\/wp\/v2\/pages"}],"about":[{"href":"https:\/\/groenbechshotel.dk\/en\/wp-json\/wp\/v2\/types\/page"}],"author":[{"embeddable":true,"href":"https:\/\/groenbechshotel.dk\/en\/wp-json\/wp\/v2\/users\/1"}],"replies":[{"embeddable":true,"href":"https:\/\/groenbechshotel.dk\/en\/wp-json\/wp\/v2\/comments?post=27"}],"version-history":[{"count":235,"href":"https:\/\/groenbechshotel.dk\/en\/wp-json\/wp\/v2\/pages\/27\/revisions"}],"predecessor-version":[{"id":1442,"href":"https:\/\/groenbechshotel.dk\/en\/wp-json\/wp\/v2\/pages\/27\/revisions\/1442"}],"wp:attachment":[{"href":"https:\/\/groenbechshotel.dk\/en\/wp-json\/wp\/v2\/media?parent=27"}],"curies":[{"name":"wp","href":"https:\/\/api.w.org\/{rel}","templated":true}]}}