{"id":29,"date":"2023-08-17T14:50:41","date_gmt":"2023-08-17T14:50:41","guid":{"rendered":"https:\/\/groenbechshotel.dk\/?page_id=29"},"modified":"2026-02-23T10:18:07","modified_gmt":"2026-02-23T10:18:07","slug":"hotellet","status":"publish","type":"page","link":"https:\/\/groenbechshotel.dk\/en\/hotellet\/","title":{"rendered":"The hotel"},"content":{"rendered":"<div data-elementor-type=\"wp-page\" data-elementor-id=\"29\" class=\"elementor elementor-29\" data-elementor-post-type=\"page\">\n\t\t\t\t<div class=\"elementor-element elementor-element-0de2532 e-flex e-con-boxed e-con e-parent\" data-id=\"0de2532\" data-element_type=\"container\" data-e-type=\"container\" data-settings=\"{&quot;background_background&quot;:&quot;classic&quot;}\">\n\t\t\t\t\t<div class=\"e-con-inner\">\n\t\t\t\t<div class=\"elementor-element elementor-element-decbf49 elementor-widget elementor-widget-heading\" data-id=\"decbf49\" data-element_type=\"widget\" data-e-type=\"widget\" data-widget_type=\"heading.default\">\n\t\t\t\t<div class=\"elementor-widget-container\">\n\t\t\t\t\t<h2 class=\"elementor-heading-title elementor-size-default\">Vi gl\u00e6der os til at byde jer velkommen igen d. 20. marts, hvor hotellet igen er \u00e5bent!\n\n________________________________________________________________________<\/h2>\t\t\t\t<\/div>\n\t\t\t\t<\/div>\n\t\t\t\t<div class=\"elementor-element elementor-element-96a4279 elementor-widget elementor-widget-text-editor\" data-id=\"96a4279\" data-element_type=\"widget\" data-e-type=\"widget\" data-widget_type=\"text-editor.default\">\n\t\t\t\t<div class=\"elementor-widget-container\">\n\t\t\t\t\t\t\t\t\t<p><em>For\u00e5rsophold til s\u00e6rpris: Book nu og nyd for\u00e5ret, hvor vi har skruet prisen helt i bund<\/em><\/p>\t\t\t\t\t\t\t\t<\/div>\n\t\t\t\t<\/div>\n\t\t\t\t<div class=\"elementor-element elementor-element-a15e4e3 elementor-widget elementor-widget-heading\" data-id=\"a15e4e3\" data-element_type=\"widget\" data-e-type=\"widget\" data-widget_type=\"heading.default\">\n\t\t\t\t<div class=\"elementor-widget-container\">\n\t\t\t\t\t<h1 class=\"elementor-heading-title elementor-size-default\">An Authentic Bornholm Hotel<\/h1>\t\t\t\t<\/div>\n\t\t\t\t<\/div>\n\t\t\t\t<div class=\"elementor-element elementor-element-21b6831 elementor-widget elementor-widget-text-editor\" data-id=\"21b6831\" data-element_type=\"widget\" data-e-type=\"widget\" data-widget_type=\"text-editor.default\">\n\t\t\t\t<div class=\"elementor-widget-container\">\n\t\t\t\t\t\t\t\t\t<p><span style=\"font-weight: 400;\">The charming Gr\u00f8nbech's Hotel, idyllically located by Allinge Harbor, underwent a thorough renovation in 2022\/23. During the renovation, the focus was on preserving the genuine Bornholm feeling, dating back to the late 1800s when artists and later other tourists discovered the beautiful rocky island, while naturally ensuring the hotel provides a sense of luxury and modern convenience.<\/span><\/p><p><span style=\"font-weight: 400;\">The hotel has 23 unique rooms, each with a private bathroom. Some rooms have a balcony, some have a view of Allinge Harbor and the Baltic Sea, and others overlook the beautiful town of Allinge. All rooms are decorated in colors, wallpapers, ceramics, and fabrics intended to evoke both a local and homely feeling.<\/span><\/p><p><span style=\"font-weight: 400;\">At the back of the hotel, you'll find the hotel's beautiful courtyard, which provides a setting for relaxing moments under the open sky, shaded by the characteristic Bornholm fig tree. Here, you can enjoy a cup of coffee, read a good book, or savor a glass of ros\u00e9 from our bar with friends.<\/span><\/p><p><span style=\"font-weight: 400;\">Gr\u00f8nbech's Hotel is ideally situated for exploring the beautiful nature in the unique northern part of the island (locally referred to as \"Nordlandet\"). Hiking is a favorite among guests, as it is a fantastic way to discover the stunning nature and coastline. Many also use the hotel as a base for cycling trips in the island's hilly terrain.<\/span><\/p><p><span style=\"font-weight: 400;\">As the day winds down, you can look forward to returning to the cozy atmosphere of the hotel. If you're seeking a place where coziness and warmth are prioritized, Gr\u00f8nbech's Hotel is the perfect choice. Whether you want to relax and enjoy the fantastic sea view or engage in exciting activities, your experience at Gr\u00f8nbech's Hotel will be unique and memorable.<\/span><\/p>\t\t\t\t\t\t\t\t<\/div>\n\t\t\t\t<\/div>\n\t\t\t\t<div class=\"elementor-element elementor-element-8f331c7 elementor-align-center elementor-widget elementor-widget-button\" data-id=\"8f331c7\" data-element_type=\"widget\" data-e-type=\"widget\" data-widget_type=\"button.default\">\n\t\t\t\t<div class=\"elementor-widget-container\">\n\t\t\t\t\t\t\t\t\t<div class=\"elementor-button-wrapper\">\n\t\t\t\t\t<a class=\"elementor-button elementor-button-link elementor-size-sm\" href=\"https:\/\/groenbechshotel.dk\/en\/vaerelserne\/\">\n\t\t\t\t\t\t<span class=\"elementor-button-content-wrapper\">\n\t\t\t\t\t\t\t\t\t<span class=\"elementor-button-text\">SEE ROOM TYPES<\/span>\n\t\t\t\t\t<\/span>\n\t\t\t\t\t<\/a>\n\t\t\t\t<\/div>\n\t\t\t\t\t\t\t\t<\/div>\n\t\t\t\t<\/div>\n\t\t\t\t\t<\/div>\n\t\t\t\t<\/div>\n\t\t<div class=\"elementor-element elementor-element-9fa8685 e-con-full e-flex e-con e-parent\" data-id=\"9fa8685\" data-element_type=\"container\" data-e-type=\"container\">\n\t\t<div class=\"elementor-element elementor-element-4b1d3ac e-con-full e-flex e-con e-child\" data-id=\"4b1d3ac\" data-element_type=\"container\" data-e-type=\"container\" data-settings=\"{&quot;background_background&quot;:&quot;classic&quot;}\">\n\t\t\t\t<div class=\"elementor-element elementor-element-ea6c689 elementor-widget elementor-widget-image\" data-id=\"ea6c689\" data-element_type=\"widget\" data-e-type=\"widget\" data-widget_type=\"image.default\">\n\t\t\t\t<div class=\"elementor-widget-container\">\n\t\t\t\t\t\t\t\t\t\t\t\t\t\t\t<img decoding=\"async\" src=\"https:\/\/groenbechshotel.dk\/wp-content\/uploads\/elementor\/thumbs\/AHL6383-copy-qd2bgh4uzv9d2k2scu374hfp578zhlfoclm78uasvc.jpg\" title=\"_AHL6383 copy\" alt=\"_AHL6383 copy\" loading=\"lazy\" \/>\t\t\t\t\t\t\t\t\t\t\t\t\t\t\t<\/div>\n\t\t\t\t<\/div>\n\t\t\t\t<\/div>\n\t\t<div class=\"elementor-element elementor-element-3c46f4e e-con-full e-flex e-con e-child\" data-id=\"3c46f4e\" data-element_type=\"container\" data-e-type=\"container\" data-settings=\"{&quot;background_background&quot;:&quot;classic&quot;}\">\n\t\t\t\t<div class=\"elementor-element elementor-element-aa338d2 elementor-widget elementor-widget-image\" data-id=\"aa338d2\" data-element_type=\"widget\" data-e-type=\"widget\" data-widget_type=\"image.default\">\n\t\t\t\t<div class=\"elementor-widget-container\">\n\t\t\t\t\t\t\t\t\t\t\t\t\t\t\t<img decoding=\"async\" src=\"https:\/\/groenbechshotel.dk\/wp-content\/uploads\/elementor\/thumbs\/Gr\u251c\u00a9nbechsHotel6804-scaled-qd4e9twhzy9ceftv21wwptq2dw1pbbv7bguxpsu3s8.jpg\" title=\"Gr\u251c\u00a9nbechsHotel6804\" alt=\"Gr\u251c\u00a9nbechsHotel6804\" loading=\"lazy\" \/>\t\t\t\t\t\t\t\t\t\t\t\t\t\t\t<\/div>\n\t\t\t\t<\/div>\n\t\t\t\t<\/div>\n\t\t<div class=\"elementor-element elementor-element-2c44bff e-con-full e-flex e-con e-child\" data-id=\"2c44bff\" data-element_type=\"container\" data-e-type=\"container\" data-settings=\"{&quot;background_background&quot;:&quot;classic&quot;}\">\n\t\t\t\t<div class=\"elementor-element elementor-element-fe00089 elementor-widget elementor-widget-image\" data-id=\"fe00089\" data-element_type=\"widget\" data-e-type=\"widget\" data-widget_type=\"image.default\">\n\t\t\t\t<div class=\"elementor-widget-container\">\n\t\t\t\t\t\t\t\t\t\t\t\t\t\t\t<img decoding=\"async\" src=\"https:\/\/groenbechshotel.dk\/wp-content\/uploads\/elementor\/thumbs\/AHL5591-qd2n9fxzx5jv1t83ls0arwjbo8yfdo0mpzptu5mgws.jpg\" title=\"_AHL5591\" alt=\"_AHL5591\" loading=\"lazy\" \/>\t\t\t\t\t\t\t\t\t\t\t\t\t\t\t<\/div>\n\t\t\t\t<\/div>\n\t\t\t\t<\/div>\n\t\t<div class=\"elementor-element elementor-element-1ae1b11 e-con-full e-flex e-con e-child\" data-id=\"1ae1b11\" data-element_type=\"container\" data-e-type=\"container\" data-settings=\"{&quot;background_background&quot;:&quot;classic&quot;}\">\n\t\t\t\t<div class=\"elementor-element elementor-element-313a550 elementor-widget elementor-widget-image\" data-id=\"313a550\" data-element_type=\"widget\" data-e-type=\"widget\" data-widget_type=\"image.default\">\n\t\t\t\t<div class=\"elementor-widget-container\">\n\t\t\t\t\t\t\t\t\t\t\t\t\t\t\t<img decoding=\"async\" src=\"https:\/\/groenbechshotel.dk\/wp-content\/uploads\/elementor\/thumbs\/ED21-copy-scaled-qd2n9u1lpvjky07xk76eyn9ylcplqp2v5xhcflm754.jpg\" title=\"ED21 copy\" alt=\"ED21 copy\" loading=\"lazy\" \/>\t\t\t\t\t\t\t\t\t\t\t\t\t\t\t<\/div>\n\t\t\t\t<\/div>\n\t\t\t\t<\/div>\n\t\t<div class=\"elementor-element elementor-element-fd0cccc e-con-full e-flex e-con e-child\" data-id=\"fd0cccc\" data-element_type=\"container\" data-e-type=\"container\" data-settings=\"{&quot;background_background&quot;:&quot;classic&quot;}\">\n\t\t\t\t<div class=\"elementor-element elementor-element-a7b865b elementor-widget elementor-widget-image\" data-id=\"a7b865b\" data-element_type=\"widget\" data-e-type=\"widget\" data-widget_type=\"image.default\">\n\t\t\t\t<div class=\"elementor-widget-container\">\n\t\t\t\t\t\t\t\t\t\t\t\t\t\t\t<img decoding=\"async\" src=\"https:\/\/groenbechshotel.dk\/wp-content\/uploads\/elementor\/thumbs\/Groenbechshotel0462b-scaled-qd2nbh9fofsn9ftwyerwtqc00mlq7mlye2kxo16e94.jpg\" title=\"Groenbechshotel0462b\" alt=\"Groenbechshotel0462b\" loading=\"lazy\" \/>\t\t\t\t\t\t\t\t\t\t\t\t\t\t\t<\/div>\n\t\t\t\t<\/div>\n\t\t\t\t<\/div>\n\t\t\t\t<\/div>\n\t\t\t\t<\/div>","protected":false},"excerpt":{"rendered":"<p>Vi gl\u00e6der os til at byde jer velkommen igen d. 20. marts, hvor hotellet igen er \u00e5bent! ________________________________________________________________________ For\u00e5rsophold til s\u00e6rpris: Book nu og nyd for\u00e5ret, hvor vi har skruet prisen helt i bund Et autentisk bornholmsk hotel Det charmerende Gr\u00f8nbechs Hotel, der ligger idyllisk ved Allinge Havn, har gennemg\u00e5et en gennemgribende renovering i 2022\/23. [&hellip;]<\/p>\n","protected":false},"author":1,"featured_media":0,"parent":0,"menu_order":0,"comment_status":"closed","ping_status":"closed","template":"","meta":{"_acf_changed":false,"footnotes":""},"class_list":["post-29","page","type-page","status-publish","hentry"],"acf":[],"_links":{"self":[{"href":"https:\/\/groenbechshotel.dk\/en\/wp-json\/wp\/v2\/pages\/29","targetHints":{"allow":["GET"]}}],"collection":[{"href":"https:\/\/groenbechshotel.dk\/en\/wp-json\/wp\/v2\/pages"}],"about":[{"href":"https:\/\/groenbechshotel.dk\/en\/wp-json\/wp\/v2\/types\/page"}],"author":[{"embeddable":true,"href":"https:\/\/groenbechshotel.dk\/en\/wp-json\/wp\/v2\/users\/1"}],"replies":[{"embeddable":true,"href":"https:\/\/groenbechshotel.dk\/en\/wp-json\/wp\/v2\/comments?post=29"}],"version-history":[{"count":97,"href":"https:\/\/groenbechshotel.dk\/en\/wp-json\/wp\/v2\/pages\/29\/revisions"}],"predecessor-version":[{"id":2080,"href":"https:\/\/groenbechshotel.dk\/en\/wp-json\/wp\/v2\/pages\/29\/revisions\/2080"}],"wp:attachment":[{"href":"https:\/\/groenbechshotel.dk\/en\/wp-json\/wp\/v2\/media?parent=29"}],"curies":[{"name":"wp","href":"https:\/\/api.w.org\/{rel}","templated":true}]}}