{"id":35,"date":"2023-08-17T14:51:23","date_gmt":"2023-08-17T14:51:23","guid":{"rendered":"https:\/\/groenbechshotel.dk\/?page_id=35"},"modified":"2025-02-10T09:58:02","modified_gmt":"2025-02-10T09:58:02","slug":"moeder-og-arrangementer","status":"publish","type":"page","link":"https:\/\/groenbechshotel.dk\/en\/moeder-og-arrangementer\/","title":{"rendered":"M\u00f8der og arrangementer"},"content":{"rendered":"<div data-elementor-type=\"wp-page\" data-elementor-id=\"35\" class=\"elementor elementor-35\" data-elementor-post-type=\"page\">\n\t\t\t\t<div class=\"elementor-element elementor-element-8e53520 e-flex e-con-boxed e-con e-parent\" data-id=\"8e53520\" data-element_type=\"container\" data-e-type=\"container\" data-settings=\"{&quot;background_background&quot;:&quot;classic&quot;}\">\n\t\t\t\t\t<div class=\"e-con-inner\">\n\t\t\t\t<div class=\"elementor-element elementor-element-003165a elementor-widget elementor-widget-image\" data-id=\"003165a\" data-element_type=\"widget\" data-e-type=\"widget\" data-widget_type=\"image.default\">\n\t\t\t\t<div class=\"elementor-widget-container\">\n\t\t\t\t\t\t\t\t\t\t\t\t\t\t\t<img decoding=\"async\" width=\"150\" height=\"150\" src=\"https:\/\/groenbechshotel.dk\/wp-content\/uploads\/2023\/08\/Hotellet-150x150.webp\" class=\"attachment-thumbnail size-thumbnail wp-image-386\" alt=\"\" srcset=\"https:\/\/groenbechshotel.dk\/wp-content\/uploads\/2023\/08\/Hotellet-150x150.webp 150w, https:\/\/groenbechshotel.dk\/wp-content\/uploads\/2023\/08\/Hotellet-300x300.webp 300w, https:\/\/groenbechshotel.dk\/wp-content\/uploads\/2023\/08\/Hotellet-12x12.webp 12w, https:\/\/groenbechshotel.dk\/wp-content\/uploads\/2023\/08\/Hotellet.webp 591w\" sizes=\"(max-width: 150px) 100vw, 150px\" \/>\t\t\t\t\t\t\t\t\t\t\t\t\t\t\t<\/div>\n\t\t\t\t<\/div>\n\t\t\t\t\t<\/div>\n\t\t\t\t<\/div>\n\t\t<div class=\"elementor-element elementor-element-d943d7f e-flex e-con-boxed e-con e-parent\" data-id=\"d943d7f\" data-element_type=\"container\" data-e-type=\"container\" data-settings=\"{&quot;background_background&quot;:&quot;classic&quot;}\">\n\t\t\t\t\t<div class=\"e-con-inner\">\n\t\t<div class=\"elementor-element elementor-element-17479ce e-con-full e-flex e-con e-child\" data-id=\"17479ce\" data-element_type=\"container\" data-e-type=\"container\">\n\t\t\t\t<div class=\"elementor-element elementor-element-fca9166 elementor-widget-divider--view-line elementor-widget elementor-widget-divider\" data-id=\"fca9166\" data-element_type=\"widget\" data-e-type=\"widget\" data-widget_type=\"divider.default\">\n\t\t\t\t<div class=\"elementor-widget-container\">\n\t\t\t\t\t\t\t<div class=\"elementor-divider\">\n\t\t\t<span class=\"elementor-divider-separator\">\n\t\t\t\t\t\t<\/span>\n\t\t<\/div>\n\t\t\t\t\t\t<\/div>\n\t\t\t\t<\/div>\n\t\t\t\t<\/div>\n\t\t<div class=\"elementor-element elementor-element-e49f9c1 e-con-full e-flex e-con e-child\" data-id=\"e49f9c1\" data-element_type=\"container\" data-e-type=\"container\">\n\t\t\t\t<div class=\"elementor-element elementor-element-5e163a8 elementor-widget elementor-widget-heading\" data-id=\"5e163a8\" data-element_type=\"widget\" data-e-type=\"widget\" data-widget_type=\"heading.default\">\n\t\t\t\t<div class=\"elementor-widget-container\">\n\t\t\t\t\t<h5 class=\"elementor-heading-title elementor-size-default\">Oplev, del og fork\u00e6l med Gr\u00f8nbechs<\/h5>\t\t\t\t<\/div>\n\t\t\t\t<\/div>\n\t\t\t\t<\/div>\n\t\t<div class=\"elementor-element elementor-element-0bfa936 e-con-full e-flex e-con e-child\" data-id=\"0bfa936\" data-element_type=\"container\" data-e-type=\"container\">\n\t\t\t\t<div class=\"elementor-element elementor-element-968e838 elementor-widget-divider--view-line elementor-widget elementor-widget-divider\" data-id=\"968e838\" data-element_type=\"widget\" data-e-type=\"widget\" data-widget_type=\"divider.default\">\n\t\t\t\t<div class=\"elementor-widget-container\">\n\t\t\t\t\t\t\t<div class=\"elementor-divider\">\n\t\t\t<span class=\"elementor-divider-separator\">\n\t\t\t\t\t\t<\/span>\n\t\t<\/div>\n\t\t\t\t\t\t<\/div>\n\t\t\t\t<\/div>\n\t\t\t\t<\/div>\n\t\t\t\t\t<\/div>\n\t\t\t\t<\/div>\n\t\t<div class=\"elementor-element elementor-element-7a10b63 e-flex e-con-boxed e-con e-parent\" data-id=\"7a10b63\" data-element_type=\"container\" data-e-type=\"container\" data-settings=\"{&quot;background_background&quot;:&quot;classic&quot;}\">\n\t\t\t\t\t<div class=\"e-con-inner\">\n\t\t\t\t<div class=\"elementor-element elementor-element-8e2ba60 elementor-widget elementor-widget-heading\" data-id=\"8e2ba60\" data-element_type=\"widget\" data-e-type=\"widget\" data-widget_type=\"heading.default\">\n\t\t\t\t<div class=\"elementor-widget-container\">\n\t\t\t\t\t<h1 class=\"elementor-heading-title elementor-size-default\">Inviter dine g\u00e6ster til Bornholm<\/h1>\t\t\t\t<\/div>\n\t\t\t\t<\/div>\n\t\t\t\t<div class=\"elementor-element elementor-element-8ed24ef elementor-widget elementor-widget-text-editor\" data-id=\"8ed24ef\" data-element_type=\"widget\" data-e-type=\"widget\" data-widget_type=\"text-editor.default\">\n\t\t\t\t<div class=\"elementor-widget-container\">\n\t\t\t\t\t\t\t\t\t<p>Udforsk ekstraordin\u00e6re muligheder med Gr\u00f8nbechs Hotel.<\/p><p>\u00d8nsker du at skabe en dr\u00f8mmebryllupsdag eller en mindev\u00e6rdig fest? Vores professionelle team st\u00e5r klar til at omdanne dine visioner til virkelighed, s\u00e5 du kan fejre k\u00e6rlighed og venskab i vores smukke omgivelser.<\/p><p>For cykel- og tr\u00e6ningsentusiaster er vores sted ogs\u00e5 ideelt. Tag p\u00e5 en cykeltur og udforsk Bornholms natursk\u00f8nhed, eller v\u00e6lg et tr\u00e6ningsophold og forny krop og sind.<\/p>\t\t\t\t\t\t\t\t<\/div>\n\t\t\t\t<\/div>\n\t\t\t\t\t<\/div>\n\t\t\t\t<\/div>\n\t\t<div class=\"elementor-element elementor-element-5d27ba6 e-con-full e-flex e-con e-parent\" data-id=\"5d27ba6\" data-element_type=\"container\" data-e-type=\"container\">\n\t\t<div class=\"elementor-element elementor-element-3f631cf e-con-full e-flex e-con e-child\" data-id=\"3f631cf\" data-element_type=\"container\" data-e-type=\"container\" data-settings=\"{&quot;background_background&quot;:&quot;classic&quot;}\">\n\t\t\t\t<div class=\"elementor-element elementor-element-fe87f76 elementor-widget elementor-widget-image\" data-id=\"fe87f76\" data-element_type=\"widget\" data-e-type=\"widget\" data-widget_type=\"image.default\">\n\t\t\t\t<div class=\"elementor-widget-container\">\n\t\t\t\t\t\t\t\t\t\t\t\t\t\t\t<img decoding=\"async\" src=\"https:\/\/groenbechshotel.dk\/wp-content\/uploads\/2023\/08\/Gr\u251c\u00a9nbechsHotel6699-scaled.jpg\" title=\"Gr\u251c\u00a9nbechsHotel6699\" alt=\"Gr\u251c\u00a9nbechsHotel6699\" loading=\"lazy\" \/>\t\t\t\t\t\t\t\t\t\t\t\t\t\t\t<\/div>\n\t\t\t\t<\/div>\n\t\t\t\t<\/div>\n\t\t<div class=\"elementor-element elementor-element-d304daf e-con-full e-flex e-con e-child\" data-id=\"d304daf\" data-element_type=\"container\" data-e-type=\"container\" data-settings=\"{&quot;background_background&quot;:&quot;classic&quot;}\">\n\t\t\t\t<div class=\"elementor-element elementor-element-96672a3 elementor-widget elementor-widget-heading\" data-id=\"96672a3\" data-element_type=\"widget\" data-e-type=\"widget\" data-widget_type=\"heading.default\">\n\t\t\t\t<div class=\"elementor-widget-container\">\n\t\t\t\t\t<h2 class=\"elementor-heading-title elementor-size-default\">M\u00f8der og konferencer<\/h2>\t\t\t\t<\/div>\n\t\t\t\t<\/div>\n\t\t\t\t<div class=\"elementor-element elementor-element-04d7219 elementor-widget elementor-widget-text-editor\" data-id=\"04d7219\" data-element_type=\"widget\" data-e-type=\"widget\" data-widget_type=\"text-editor.default\">\n\t\t\t\t<div class=\"elementor-widget-container\">\n\t\t\t\t\t\t\t\t\t<p>Kom til Gr\u00f8nbechs Hotel, og lad det blive en getaway fra de vante omgivelser. Holder du et m\u00f8de hos os, f\u00e5r du en topplacering i byen, vi tilpasser dit event til dine behov, og vi er med dig hele vejen. Vi tilbyder blandt andet m\u00f8depakker, skr\u00e6ddersyede l\u00f8sninger, forplejning og teknisk assistance. Vi har lokaler med plads til alt fra 2 til 70 deltagere.<\/p>\t\t\t\t\t\t\t\t<\/div>\n\t\t\t\t<\/div>\n\t\t\t\t<div class=\"elementor-element elementor-element-14cc83e elementor-widget elementor-widget-text-editor\" data-id=\"14cc83e\" data-element_type=\"widget\" data-e-type=\"widget\" data-widget_type=\"text-editor.default\">\n\t\t\t\t<div class=\"elementor-widget-container\">\n\t\t\t\t\t\t\t\t\t<p><span style=\"text-decoration: underline;\"><strong>Dagm\u00f8de (08:00 \u2013 16:00) \u2013 <em>650,- pr. person (inkl. Moms)<\/em><\/strong><\/span><\/p><p>Velkomstmorgenmad<\/p><p>Kaffe, te, iskoldt vand og frugt -tilg\u00e6ngeligt hele dagen i lokalet<\/p><p>Menu Lunch<\/p><p>Eftermiddagskage<\/p><p><span style=\"text-decoration: underline;\"><strong>Heldagsm\u00f8de (08:00 \u2013 22:00) \u2013<em> 1.040,- pr. person (inkl. Moms)<\/em><\/strong><\/span><\/p><p>Velkomstmorgenmad<\/p><p>Kaffe, te, iskoldt vand og frugt -tilg\u00e6ngeligt hele dagen i lokalet<\/p><p>Menu Lunch<\/p><p>Eftermiddagskage<\/p><p>2-retters menu<\/p><p><em>Overnatning inkl. morgenmadsbuffet \u2013 900,- pr. person (inkl. Moms)<\/em><\/p>\t\t\t\t\t\t\t\t<\/div>\n\t\t\t\t<\/div>\n\t\t\t\t<\/div>\n\t\t\t\t<\/div>\n\t\t<div class=\"elementor-element elementor-element-490f494 e-con-full e-flex e-con e-parent\" data-id=\"490f494\" data-element_type=\"container\" data-e-type=\"container\">\n\t\t<div class=\"elementor-element elementor-element-9e981f6 e-con-full e-flex e-con e-child\" data-id=\"9e981f6\" data-element_type=\"container\" data-e-type=\"container\" data-settings=\"{&quot;background_background&quot;:&quot;classic&quot;}\">\n\t\t<div class=\"elementor-element elementor-element-6c0b7f7 e-flex e-con-boxed e-con e-child\" data-id=\"6c0b7f7\" data-element_type=\"container\" data-e-type=\"container\">\n\t\t\t\t\t<div class=\"e-con-inner\">\n\t\t\t\t<div class=\"elementor-element elementor-element-942ca4c elementor-widget elementor-widget-heading\" data-id=\"942ca4c\" data-element_type=\"widget\" data-e-type=\"widget\" data-widget_type=\"heading.default\">\n\t\t\t\t<div class=\"elementor-widget-container\">\n\t\t\t\t\t<h2 class=\"elementor-heading-title elementor-size-default\">Bryllup &amp; Fest<\/h2>\t\t\t\t<\/div>\n\t\t\t\t<\/div>\n\t\t\t\t<div class=\"elementor-element elementor-element-7ecaaf0 elementor-widget elementor-widget-text-editor\" data-id=\"7ecaaf0\" data-element_type=\"widget\" data-e-type=\"widget\" data-widget_type=\"text-editor.default\">\n\t\t\t\t<div class=\"elementor-widget-container\">\n\t\t\t\t\t\t\t\t\t<p>Om det er bryllup, fest, konfirmation eller en anden stor begivenhed, tilbyder Gr\u00f8nbechs Hotel de perfekte rammer.<\/p><p>P\u00e5 Gr\u00f8nbechs Hotel gl\u00e6der vi os til at hj\u00e6lpe jer med jeres store begivenhed. Det skal v\u00e6re en fantastisk dag, hvor I bare l\u00e6ner jer tilbage og nyder hinanden og g\u00e6sterne.<\/p><p>Lige meget om I er 10 eller 60 personer, tilrettel\u00e6gger vi dagen og menuen efter jeres \u00f8nsker.<br \/>G\u00e5rdhaven inviterer ved ankomst til champagne og snacks, inden middagen bliver serveret indenfor i Restaurant Gr\u00f8nbechs Hotel. Efterf\u00f8lgende kan kaffe og avec nydes i baren eller udenfor, alt efter vind og vejr.<\/p><p>Er I et mindre selskab, der \u00f8nsker mere intime forhold, har vi p\u00e5 f\u00f8rste sal vores private dining room, som har plads til selskaber med mindre end 20 personer.<\/p>\t\t\t\t\t\t\t\t<\/div>\n\t\t\t\t<\/div>\n\t\t\t\t<div class=\"elementor-element elementor-element-4bc2b54 elementor-align-center elementor-widget elementor-widget-button\" data-id=\"4bc2b54\" data-element_type=\"widget\" data-e-type=\"widget\" data-widget_type=\"button.default\">\n\t\t\t\t<div class=\"elementor-widget-container\">\n\t\t\t\t\t\t\t\t\t<div class=\"elementor-button-wrapper\">\n\t\t\t\t\t<a class=\"elementor-button elementor-button-link elementor-size-md\" href=\"https:\/\/groenbechshotel.dk\/en\/kontakt\/\">\n\t\t\t\t\t\t<span class=\"elementor-button-content-wrapper\">\n\t\t\t\t\t\t\t\t\t<span class=\"elementor-button-text\">KONTAKT OS<\/span>\n\t\t\t\t\t<\/span>\n\t\t\t\t\t<\/a>\n\t\t\t\t<\/div>\n\t\t\t\t\t\t\t\t<\/div>\n\t\t\t\t<\/div>\n\t\t\t\t\t<\/div>\n\t\t\t\t<\/div>\n\t\t\t\t<\/div>\n\t\t<div class=\"elementor-element elementor-element-9667e34 e-con-full e-flex e-con e-child\" data-id=\"9667e34\" data-element_type=\"container\" data-e-type=\"container\" data-settings=\"{&quot;background_background&quot;:&quot;classic&quot;}\">\n\t\t\t\t<div class=\"elementor-element elementor-element-da95d00 elementor-widget elementor-widget-image\" data-id=\"da95d00\" data-element_type=\"widget\" data-e-type=\"widget\" data-widget_type=\"image.default\">\n\t\t\t\t<div class=\"elementor-widget-container\">\n\t\t\t\t\t\t\t\t\t\t\t\t\t\t\t<img decoding=\"async\" src=\"https:\/\/groenbechshotel.dk\/wp-content\/uploads\/2025\/02\/DSC0696-scaled.jpg\" title=\"_DSC0696\" alt=\"_DSC0696\" loading=\"lazy\" \/>\t\t\t\t\t\t\t\t\t\t\t\t\t\t\t<\/div>\n\t\t\t\t<\/div>\n\t\t\t\t<\/div>\n\t\t\t\t<\/div>\n\t\t<div class=\"elementor-element elementor-element-84bafe1 e-flex e-con-boxed e-con e-parent\" data-id=\"84bafe1\" data-element_type=\"container\" data-e-type=\"container\">\n\t\t\t\t\t<div class=\"e-con-inner\">\n\t\t\t\t\t<\/div>\n\t\t\t\t<\/div>\n\t\t\t\t<\/div>","protected":false},"excerpt":{"rendered":"<p>Oplev, del og fork\u00e6l med Gr\u00f8nbechs Inviter dine g\u00e6ster til Bornholm Udforsk ekstraordin\u00e6re muligheder med Gr\u00f8nbechs Hotel. \u00d8nsker du at skabe en dr\u00f8mmebryllupsdag eller en mindev\u00e6rdig fest? Vores professionelle team st\u00e5r klar til at omdanne dine visioner til virkelighed, s\u00e5 du kan fejre k\u00e6rlighed og venskab i vores smukke omgivelser. For cykel- og tr\u00e6ningsentusiaster er [&hellip;]<\/p>\n","protected":false},"author":1,"featured_media":0,"parent":0,"menu_order":0,"comment_status":"closed","ping_status":"closed","template":"","meta":{"_acf_changed":false,"footnotes":""},"class_list":["post-35","page","type-page","status-publish","hentry"],"acf":[],"_links":{"self":[{"href":"https:\/\/groenbechshotel.dk\/en\/wp-json\/wp\/v2\/pages\/35","targetHints":{"allow":["GET"]}}],"collection":[{"href":"https:\/\/groenbechshotel.dk\/en\/wp-json\/wp\/v2\/pages"}],"about":[{"href":"https:\/\/groenbechshotel.dk\/en\/wp-json\/wp\/v2\/types\/page"}],"author":[{"embeddable":true,"href":"https:\/\/groenbechshotel.dk\/en\/wp-json\/wp\/v2\/users\/1"}],"replies":[{"embeddable":true,"href":"https:\/\/groenbechshotel.dk\/en\/wp-json\/wp\/v2\/comments?post=35"}],"version-history":[{"count":134,"href":"https:\/\/groenbechshotel.dk\/en\/wp-json\/wp\/v2\/pages\/35\/revisions"}],"predecessor-version":[{"id":1676,"href":"https:\/\/groenbechshotel.dk\/en\/wp-json\/wp\/v2\/pages\/35\/revisions\/1676"}],"wp:attachment":[{"href":"https:\/\/groenbechshotel.dk\/en\/wp-json\/wp\/v2\/media?parent=35"}],"curies":[{"name":"wp","href":"https:\/\/api.w.org\/{rel}","templated":true}]}}